{"id":22760,"date":"2024-12-03T07:46:35","date_gmt":"2024-12-03T07:46:35","guid":{"rendered":"https:\/\/ensomedic.hr\/art-of-life\/"},"modified":"2024-12-09T20:39:07","modified_gmt":"2024-12-09T20:39:07","slug":"art-of-life","status":"publish","type":"page","link":"https:\/\/mk-medpsychology.hr\/de\/art-of-life\/","title":{"rendered":"ART OF LIFE"},"content":{"rendered":"\t\t<div data-elementor-type=\"wp-page\" data-elementor-id=\"22760\" class=\"elementor elementor-22760\" data-elementor-post-type=\"page\">\n\t\t\t\t<div class=\"elementor-element elementor-element-aaf2398 wd-section-stretch e-flex e-con-boxed e-con e-parent\" data-id=\"aaf2398\" data-element_type=\"container\">\n\t\t\t\t\t<div class=\"e-con-inner\">\n\t\t\t\t<div class=\"elementor-element elementor-element-15307b1 elementor-widget elementor-widget-wd_image_or_svg\" data-id=\"15307b1\" data-element_type=\"widget\" data-widget_type=\"wd_image_or_svg.default\">\n\t\t\t\t<div class=\"elementor-widget-container\">\n\t\t\t\t\t\n\t\t<div class=\"wd-image text-left\">\n\t\t\t\t\t\t\t\t\t\t\t\t\t<\/div>\n\n\t\t\t\t\t\t<\/div>\n\t\t\t\t<\/div>\n\t\t\t\t<div class=\"elementor-element elementor-element-7b9a63a elementor-widget elementor-widget-wd_image_or_svg\" data-id=\"7b9a63a\" data-element_type=\"widget\" data-widget_type=\"wd_image_or_svg.default\">\n\t\t\t\t<div class=\"elementor-widget-container\">\n\t\t\t\t\t\n\t\t<div class=\"wd-image text-left\">\n\t\t\t\t\t\t\t\t<img fetchpriority=\"high\" decoding=\"async\" width=\"700\" height=\"690\" src=\"https:\/\/mk-medpsychology.hr\/wp-content\/uploads\/2024\/12\/follow-me-to-700x690.jpg\" class=\"attachment-700x size-700x\" alt=\"follow me to\" srcset=\"https:\/\/mk-medpsychology.hr\/wp-content\/uploads\/2024\/12\/follow-me-to-700x690.jpg 700w, https:\/\/mk-medpsychology.hr\/wp-content\/uploads\/2024\/12\/follow-me-to-304x300.jpg 304w, https:\/\/mk-medpsychology.hr\/wp-content\/uploads\/2024\/12\/follow-me-to-811x800.jpg 811w, https:\/\/mk-medpsychology.hr\/wp-content\/uploads\/2024\/12\/follow-me-to-768x757.jpg 768w, https:\/\/mk-medpsychology.hr\/wp-content\/uploads\/2024\/12\/follow-me-to.jpg 921w\" sizes=\"(max-width: 700px) 100vw, 700px\" \/>\t\t\t\t\t<\/div>\n\n\t\t\t\t\t\t<\/div>\n\t\t\t\t<\/div>\n\t\t<div class=\"elementor-element elementor-element-e53f602 e-con-full e-flex e-con e-child\" data-id=\"e53f602\" data-element_type=\"container\" data-settings=\"{&quot;background_background&quot;:&quot;classic&quot;}\">\n\t\t\t\t<div class=\"elementor-element elementor-element-c51149b wd-width-100 elementor-widget elementor-widget-wd_title\" data-id=\"c51149b\" data-element_type=\"widget\" data-widget_type=\"wd_title.default\">\n\t\t\t\t<div class=\"elementor-widget-container\">\n\t\t\t\t\t\t\t\t<link rel=\"stylesheet\" id=\"wd-section-title-css\" href=\"https:\/\/mk-medpsychology.hr\/wp-content\/themes\/woodmart\/css\/parts\/el-section-title.min.css?ver=7.5.1\" type=\"text\/css\" media=\"all\" \/> \t\t\t\t\t\t<link rel=\"stylesheet\" id=\"wd-mod-highlighted-text-css\" href=\"https:\/\/mk-medpsychology.hr\/wp-content\/themes\/woodmart\/css\/parts\/mod-highlighted-text.min.css?ver=7.5.1\" type=\"text\/css\" media=\"all\" \/> \t\t\t\t\t<div class=\"title-wrapper set-mb-s reset-last-child wd-title-color-default wd-title-style-default wd-title-size-extra-large text-left\">\n\n\t\t\t\n\t\t\t<div class=\"liner-continer\">\n\t\t\t\t<h4 class=\"woodmart-title-container title wd-fontsize-xxxl wd-underline-colored\"><\/h4> \n\t\t\t\t\t\t\t<\/div>\n\n\t\t\t\t\t\t\t<div class=\"title-after_title set-cont-mb-s reset-last-child wd-fontsize-s\">\n\t\t\t\t\t<p>FollowMeTo<\/p>\t\t\t\t<\/div>\n\t\t\t\t\t<\/div>\n\t\t\t\t\t\t<\/div>\n\t\t\t\t<\/div>\n\t\t\t\t<div class=\"elementor-element elementor-element-1a834e7 wd-width-100 elementor-widget elementor-widget-wd_title\" data-id=\"1a834e7\" data-element_type=\"widget\" data-widget_type=\"wd_title.default\">\n\t\t\t\t<div class=\"elementor-widget-container\">\n\t\t\t\t\t\t\t<div class=\"title-wrapper set-mb-s reset-last-child wd-title-color-default wd-title-style-default wd-title-size-extra-large text-left\">\n\n\t\t\t\n\t\t\t<div class=\"liner-continer\">\n\t\t\t\t<h4 class=\"woodmart-title-container title wd-fontsize-xxxl wd-underline-colored\"><\/h4> \n\t\t\t\t\t\t\t<\/div>\n\n\t\t\t\t\t\t\t<div class=\"title-after_title set-cont-mb-s reset-last-child wd-fontsize-s\">\n\t\t\t\t\t<p><strong>FollowMeTo<\/strong> ist ein Kommunikationsinhaltsprojekt mit umfassendem Service, das die Industrie von innen versteht und sein au\u00dfergew\u00f6hnliches Medienwissen nutzt, um f\u00fcr seine Kunden zu arbeiten.<\/p><p>Wir helfen Unternehmen, fortschrittlichen Marken und Kunden, positive Narrative mit den Medien und einflussreichen Pers\u00f6nlichkeiten aufzubauen, die einen langfristigen Einfluss haben.<\/p><p><strong>FollowMeTo<\/strong> hilft seinen Kunden, ihre Botschaft auf den Markt zu bringen, indem wir clevere, treibende Ereignisse und strategische Medien- und Influencer-Beziehungen nutzen. Wir sind Zuh\u00f6rer und Sprecher.<\/p><p>Unser Team erstellt und implementiert nationale Kampagnen und ist flexibel genug, um unsere Herangehensweise bei Bedarf zu \u00e4ndern.<\/p>\t\t\t\t<\/div>\n\t\t\t\t\t<\/div>\n\t\t\t\t\t\t<\/div>\n\t\t\t\t<\/div>\n\t\t\t\t<\/div>\n\t\t\t\t\t<\/div>\n\t\t\t\t<\/div>\n\t\t<div class=\"elementor-element elementor-element-3da7603 e-flex e-con-boxed e-con e-parent\" data-id=\"3da7603\" data-element_type=\"container\">\n\t\t\t\t\t<div class=\"e-con-inner\">\n\t\t\t\t<div class=\"elementor-element elementor-element-9e7b01d wd-width-100 elementor-widget elementor-widget-wd_title\" data-id=\"9e7b01d\" data-element_type=\"widget\" data-widget_type=\"wd_title.default\">\n\t\t\t\t<div class=\"elementor-widget-container\">\n\t\t\t\t\t\t\t<div class=\"title-wrapper set-mb-s reset-last-child wd-title-color-default wd-title-style-default wd-title-size-extra-large text-center\">\n\n\t\t\t\n\t\t\t<div class=\"liner-continer\">\n\t\t\t\t<h4 class=\"woodmart-title-container title wd-fontsize-xxxl wd-underline-colored\"><\/h4> \n\t\t\t\t\t\t\t<\/div>\n\n\t\t\t\t\t\t\t<div class=\"title-after_title set-cont-mb-s reset-last-child wd-fontsize-s\">\n\t\t\t\t\t<p>Blog<\/p>\t\t\t\t<\/div>\n\t\t\t\t\t<\/div>\n\t\t\t\t\t\t<\/div>\n\t\t\t\t<\/div>\n\t\t\t\t\t<\/div>\n\t\t\t\t<\/div>\n\t\t<div class=\"elementor-element elementor-element-e0c90fa wd-section-stretch e-flex e-con-boxed e-con e-parent\" data-id=\"e0c90fa\" data-element_type=\"container\">\n\t\t\t\t\t<div class=\"e-con-inner\">\n\t\t<div class=\"elementor-element elementor-element-2af204a e-con-full e-flex e-con e-child\" data-id=\"2af204a\" data-element_type=\"container\">\n\t\t\t\t<div class=\"elementor-element elementor-element-ec472b8 elementor-position-top elementor-widget elementor-widget-image-box\" data-id=\"ec472b8\" data-element_type=\"widget\" data-widget_type=\"image-box.default\">\n\t\t\t\t<div class=\"elementor-widget-container\">\n\t\t\t\t\t<div class=\"elementor-image-box-wrapper\"><figure class=\"elementor-image-box-img\"><img alt=\"\" decoding=\"async\" width=\"719\" height=\"469\" src=\"https:\/\/mk-medpsychology.hr\/wp-content\/uploads\/2024\/12\/pnie.jpg\" class=\"attachment-full size-full wp-image-22748\" alt=\"\" srcset=\"https:\/\/mk-medpsychology.hr\/wp-content\/uploads\/2024\/12\/pnie.jpg 719w, https:\/\/mk-medpsychology.hr\/wp-content\/uploads\/2024\/12\/pnie-400x261.jpg 400w\" sizes=\"(max-width: 719px) 100vw, 719px\" \/><\/figure><div class=\"elementor-image-box-content\"><h3 class=\"elementor-image-box-title\">PNIE<\/h3><\/div><\/div>\t\t\t\t<\/div>\n\t\t\t\t<\/div>\n\t\t\t\t<\/div>\n\t\t<div class=\"elementor-element elementor-element-2bd45bc e-con-full e-flex e-con e-child\" data-id=\"2bd45bc\" data-element_type=\"container\">\n\t\t\t\t<div class=\"elementor-element elementor-element-c1bd94f elementor-position-top elementor-widget elementor-widget-image-box\" data-id=\"c1bd94f\" data-element_type=\"widget\" data-widget_type=\"image-box.default\">\n\t\t\t\t<div class=\"elementor-widget-container\">\n\t\t\t\t\t<div class=\"elementor-image-box-wrapper\"><figure class=\"elementor-image-box-img\"><img alt=\"\" decoding=\"async\" width=\"1438\" height=\"938\" src=\"https:\/\/mk-medpsychology.hr\/wp-content\/uploads\/2024\/12\/stres.jpg\" class=\"attachment-full size-full wp-image-22752\" alt=\"\" srcset=\"https:\/\/mk-medpsychology.hr\/wp-content\/uploads\/2024\/12\/stres.jpg 1438w, https:\/\/mk-medpsychology.hr\/wp-content\/uploads\/2024\/12\/stres-400x261.jpg 400w, https:\/\/mk-medpsychology.hr\/wp-content\/uploads\/2024\/12\/stres-1226x800.jpg 1226w, https:\/\/mk-medpsychology.hr\/wp-content\/uploads\/2024\/12\/stres-768x501.jpg 768w\" sizes=\"(max-width: 1438px) 100vw, 1438px\" \/><\/figure><div class=\"elementor-image-box-content\"><h3 class=\"elementor-image-box-title\">Stress<\/h3><\/div><\/div>\t\t\t\t<\/div>\n\t\t\t\t<\/div>\n\t\t\t\t<\/div>\n\t\t<div class=\"elementor-element elementor-element-1309c42 e-con-full e-flex e-con e-child\" data-id=\"1309c42\" data-element_type=\"container\">\n\t\t\t\t<div class=\"elementor-element elementor-element-b004a49 elementor-position-top elementor-widget elementor-widget-image-box\" data-id=\"b004a49\" data-element_type=\"widget\" data-widget_type=\"image-box.default\">\n\t\t\t\t<div class=\"elementor-widget-container\">\n\t\t\t\t\t<div class=\"elementor-image-box-wrapper\"><figure class=\"elementor-image-box-img\"><img alt=\"\" loading=\"lazy\" decoding=\"async\" width=\"1438\" height=\"938\" src=\"https:\/\/mk-medpsychology.hr\/wp-content\/uploads\/2024\/12\/ljepota-i-zdravlje.jpg\" class=\"attachment-full size-full wp-image-22750\" alt=\"\" srcset=\"https:\/\/mk-medpsychology.hr\/wp-content\/uploads\/2024\/12\/ljepota-i-zdravlje.jpg 1438w, https:\/\/mk-medpsychology.hr\/wp-content\/uploads\/2024\/12\/ljepota-i-zdravlje-400x261.jpg 400w, https:\/\/mk-medpsychology.hr\/wp-content\/uploads\/2024\/12\/ljepota-i-zdravlje-1226x800.jpg 1226w, https:\/\/mk-medpsychology.hr\/wp-content\/uploads\/2024\/12\/ljepota-i-zdravlje-768x501.jpg 768w\" sizes=\"(max-width: 1438px) 100vw, 1438px\" \/><\/figure><div class=\"elementor-image-box-content\"><h3 class=\"elementor-image-box-title\">Sch\u00f6nheit und Gesundheit<\/h3><\/div><\/div>\t\t\t\t<\/div>\n\t\t\t\t<\/div>\n\t\t\t\t<\/div>\n\t\t<div class=\"elementor-element elementor-element-0b8df66 e-con-full e-flex e-con e-child\" data-id=\"0b8df66\" data-element_type=\"container\">\n\t\t\t\t<div class=\"elementor-element elementor-element-b7b92b2 elementor-position-top elementor-widget elementor-widget-image-box\" data-id=\"b7b92b2\" data-element_type=\"widget\" data-widget_type=\"image-box.default\">\n\t\t\t\t<div class=\"elementor-widget-container\">\n\t\t\t\t\t<div class=\"elementor-image-box-wrapper\"><figure class=\"elementor-image-box-img\"><img alt=\"\" loading=\"lazy\" decoding=\"async\" width=\"1438\" height=\"938\" src=\"https:\/\/mk-medpsychology.hr\/wp-content\/uploads\/2024\/12\/turizam.jpg\" class=\"attachment-full size-full wp-image-22754\" alt=\"\" srcset=\"https:\/\/mk-medpsychology.hr\/wp-content\/uploads\/2024\/12\/turizam.jpg 1438w, https:\/\/mk-medpsychology.hr\/wp-content\/uploads\/2024\/12\/turizam-400x261.jpg 400w, https:\/\/mk-medpsychology.hr\/wp-content\/uploads\/2024\/12\/turizam-1226x800.jpg 1226w, https:\/\/mk-medpsychology.hr\/wp-content\/uploads\/2024\/12\/turizam-768x501.jpg 768w\" sizes=\"(max-width: 1438px) 100vw, 1438px\" \/><\/figure><div class=\"elementor-image-box-content\"><h3 class=\"elementor-image-box-title\">Tourismus<\/h3><\/div><\/div>\t\t\t\t<\/div>\n\t\t\t\t<\/div>\n\t\t\t\t<\/div>\n\t\t\t\t\t<\/div>\n\t\t\t\t<\/div>\n\t\t\t\t<\/div>\n\t\t","protected":false},"excerpt":{"rendered":"<p>FollowMeTo FollowMeTo ist ein Kommunikationsinhaltsprojekt mit umfassendem Service, das die Industrie von innen versteht und sein au\u00dfergew\u00f6hnliches Medienwissen nutzt, um<\/p>\n","protected":false},"author":2,"featured_media":0,"parent":0,"menu_order":0,"comment_status":"closed","ping_status":"closed","template":"","meta":{"_seopress_robots_primary_cat":"","_seopress_titles_title":"","_seopress_titles_desc":"","_seopress_robots_index":"","iawp_total_views":0,"footnotes":""},"class_list":["post-22760","page","type-page","status-publish","hentry"],"_links":{"self":[{"href":"https:\/\/mk-medpsychology.hr\/de\/wp-json\/wp\/v2\/pages\/22760","targetHints":{"allow":["GET"]}}],"collection":[{"href":"https:\/\/mk-medpsychology.hr\/de\/wp-json\/wp\/v2\/pages"}],"about":[{"href":"https:\/\/mk-medpsychology.hr\/de\/wp-json\/wp\/v2\/types\/page"}],"author":[{"embeddable":true,"href":"https:\/\/mk-medpsychology.hr\/de\/wp-json\/wp\/v2\/users\/2"}],"replies":[{"embeddable":true,"href":"https:\/\/mk-medpsychology.hr\/de\/wp-json\/wp\/v2\/comments?post=22760"}],"version-history":[{"count":4,"href":"https:\/\/mk-medpsychology.hr\/de\/wp-json\/wp\/v2\/pages\/22760\/revisions"}],"predecessor-version":[{"id":22853,"href":"https:\/\/mk-medpsychology.hr\/de\/wp-json\/wp\/v2\/pages\/22760\/revisions\/22853"}],"wp:attachment":[{"href":"https:\/\/mk-medpsychology.hr\/de\/wp-json\/wp\/v2\/media?parent=22760"}],"curies":[{"name":"wp","href":"https:\/\/api.w.org\/{rel}","templated":true}]}}