{"id":22762,"date":"2024-12-03T07:20:57","date_gmt":"2024-12-03T07:20:57","guid":{"rendered":"https:\/\/ensomedic.hr\/integrativni-pristup\/"},"modified":"2024-12-09T21:40:33","modified_gmt":"2024-12-09T21:40:33","slug":"integrativer-ansatz","status":"publish","type":"page","link":"https:\/\/mk-medpsychology.hr\/de\/integrativer-ansatz\/","title":{"rendered":"Integrativer Ansatz"},"content":{"rendered":"\t\t<div data-elementor-type=\"wp-page\" data-elementor-id=\"22762\" class=\"elementor elementor-22762\" data-elementor-post-type=\"page\">\n\t\t\t\t<div class=\"elementor-element elementor-element-aaf2398 e-con-full wd-section-stretch e-flex e-con e-parent\" data-id=\"aaf2398\" data-element_type=\"container\">\n\t\t<div class=\"elementor-element elementor-element-c1b6801 e-con-full e-flex e-con e-child\" data-id=\"c1b6801\" data-element_type=\"container\" data-settings=\"{&quot;background_background&quot;:&quot;classic&quot;}\">\n\t\t\t\t\t<link rel=\"stylesheet\" id=\"wd-mod-animations-keyframes-css\" href=\"https:\/\/mk-medpsychology.hr\/wp-content\/themes\/woodmart\/css\/parts\/mod-animations-keyframes.min.css?ver=7.5.1\" type=\"text\/css\" media=\"all\" \/> \t\t\t\t\t<div class=\"elementor-element elementor-element-ffc3f46 elementor-widget elementor-widget-wd_text_block\" data-id=\"ffc3f46\" data-element_type=\"widget\" data-settings=\"{&quot;_animation&quot;:&quot;none&quot;}\" data-widget_type=\"wd_text_block.default\">\n\t\t\t\t<div class=\"elementor-widget-container\">\n\t\t\t\t\t\t\t\t<link rel=\"stylesheet\" id=\"wd-text-block-css\" href=\"https:\/\/mk-medpsychology.hr\/wp-content\/themes\/woodmart\/css\/parts\/el-text-block.min.css?ver=7.5.1\" type=\"text\/css\" media=\"all\" \/> \t\t\t\t\t<div class=\"wd-text-block reset-last-child text-center\">\n\t\t\t\n\t\t\t\n\t\t\t\t\t<\/div>\n\t\t\t\t\t\t<\/div>\n\t\t\t\t<\/div>\n\t\t\t\t<\/div>\n\t\t<div class=\"elementor-element elementor-element-e53f602 e-con-full e-flex e-con e-child\" data-id=\"e53f602\" data-element_type=\"container\" data-settings=\"{&quot;background_background&quot;:&quot;classic&quot;}\">\n\t\t\t\t<div class=\"elementor-element elementor-element-c51149b wd-width-100 elementor-widget elementor-widget-wd_title\" data-id=\"c51149b\" data-element_type=\"widget\" data-widget_type=\"wd_title.default\">\n\t\t\t\t<div class=\"elementor-widget-container\">\n\t\t\t\t\t\t\t\t<link rel=\"stylesheet\" id=\"wd-section-title-css\" href=\"https:\/\/mk-medpsychology.hr\/wp-content\/themes\/woodmart\/css\/parts\/el-section-title.min.css?ver=7.5.1\" type=\"text\/css\" media=\"all\" \/> \t\t\t\t\t\t<link rel=\"stylesheet\" id=\"wd-mod-highlighted-text-css\" href=\"https:\/\/mk-medpsychology.hr\/wp-content\/themes\/woodmart\/css\/parts\/mod-highlighted-text.min.css?ver=7.5.1\" type=\"text\/css\" media=\"all\" \/> \t\t\t\t\t<div class=\"title-wrapper set-mb-s reset-last-child wd-title-color-default wd-title-style-default wd-title-size-extra-large text-left\">\n\n\t\t\t\n\t\t\t<div class=\"liner-continer\">\n\t\t\t\t<h4 class=\"woodmart-title-container title wd-fontsize-xxxl wd-underline-colored\"><\/h4> \n\t\t\t\t\t\t\t<\/div>\n\n\t\t\t\t\t\t\t<div class=\"title-after_title set-cont-mb-s reset-last-child wd-fontsize-s\">\n\t\t\t\t\t<p>THE FUTURE ENSOMEDIC M\u00d6GLICHKEITEN<\/p>\t\t\t\t<\/div>\n\t\t\t\t\t<\/div>\n\t\t\t\t\t\t<\/div>\n\t\t\t\t<\/div>\n\t\t\t\t<div class=\"elementor-element elementor-element-1a834e7 wd-width-100 elementor-widget elementor-widget-wd_title\" data-id=\"1a834e7\" data-element_type=\"widget\" data-widget_type=\"wd_title.default\">\n\t\t\t\t<div class=\"elementor-widget-container\">\n\t\t\t\t\t\t\t<div class=\"title-wrapper set-mb-s reset-last-child wd-title-color-default wd-title-style-default wd-title-size-extra-large text-left\">\n\n\t\t\t\n\t\t\t<div class=\"liner-continer\">\n\t\t\t\t<h4 class=\"woodmart-title-container title wd-fontsize-xxxl wd-underline-colored\"><\/h4> \n\t\t\t\t\t\t\t<\/div>\n\n\t\t\t\t\t\t\t<div class=\"title-after_title set-cont-mb-s reset-last-child wd-fontsize-s\">\n\t\t\t\t\t<ul><li>Tiefer Einblick und Erweiterung der Wettbewerbsst\u00e4rken Ihrer Organisation<\/li><li>Verallgemeinerung von Wissen auf Managementebene<\/li><li>Delegierung der Gesch\u00e4ftsprozessf\u00fchrung<\/li><li>Adaptiver Kapital (VC) Erneuerbare Energie, Umsetzung einer nachhaltigen Transformation<\/li><li>Einfluss auf den Gespr\u00e4chspartner<\/li><li>\u00d6ffnung versteckter Potenziale<\/li><li>Identifizierung von Risikofaktoren und Expositionsrisiken<\/li><li>Selbstregulation (Biofeedback) Cambridge<\/li><li>Entwicklung der Marktintelligenz<\/li><li>Schaffung und Erweiterung des Gesch\u00e4fts, Wachstum<\/li><li>Strategien f\u00fcr Infrastrukturmanagement und -erhaltung<\/li><li>Optimierung der Probleml\u00f6sung, Umwandlung von Herausforderungen in potenzielle Chancen<\/li><li>Ideenkonstrukte, Innovationen, pers\u00f6nlicher Integrit\u00e4t (Intel-Locus). Demo-Session Cambridge.<\/li><li>Strategien f\u00fcr Bew\u00e4ltigungsmechanismen u.\u00e4.<\/li><li>VPF, Ensomedics einzigartige Einblicke in die umfassende Abdeckung struktureller und berufsbezogener Daten, die das Konzept der beruflichen Stressbew\u00e4ltigung und Gesundheit (RST) revolutionieren und radikale Werkzeuge zur Prozesssteuerung der eigenen Schnittstelle zur Verhinderung gesundheitssch\u00e4dlicher Auswirkungen aufzeigen.<\/li><li>Entwicklung der Unternehmenskultur<\/li><li>Entwicklung eines nicht-bin\u00e4ren Ansatzes<\/li><li>Triple-Helix-Idea CAPITAL<\/li><li>Die Neuro-Generation NBIC(S)-Konvergenzen, Technologien<\/li><\/ul>\t\t\t\t<\/div>\n\t\t\t\t\t<\/div>\n\t\t\t\t\t\t<\/div>\n\t\t\t\t<\/div>\n\t\t\t\t<\/div>\n\t\t\t\t<\/div>\n\t\t\t\t<\/div>\n\t\t","protected":false},"excerpt":{"rendered":"<p>THE FUTURE ENSOMEDIC M\u00d6GLICHKEITEN Tiefer Einblick und Erweiterung der Wettbewerbsst\u00e4rken Ihrer Organisation Verallgemeinerung von Wissen auf Managementebene Delegierung der Gesch\u00e4ftsprozessf\u00fchrung<\/p>\n","protected":false},"author":2,"featured_media":0,"parent":0,"menu_order":0,"comment_status":"closed","ping_status":"closed","template":"","meta":{"_seopress_robots_primary_cat":"","_seopress_titles_title":"","_seopress_titles_desc":"","_seopress_robots_index":"","iawp_total_views":1,"footnotes":""},"class_list":["post-22762","page","type-page","status-publish","hentry"],"_links":{"self":[{"href":"https:\/\/mk-medpsychology.hr\/de\/wp-json\/wp\/v2\/pages\/22762","targetHints":{"allow":["GET"]}}],"collection":[{"href":"https:\/\/mk-medpsychology.hr\/de\/wp-json\/wp\/v2\/pages"}],"about":[{"href":"https:\/\/mk-medpsychology.hr\/de\/wp-json\/wp\/v2\/types\/page"}],"author":[{"embeddable":true,"href":"https:\/\/mk-medpsychology.hr\/de\/wp-json\/wp\/v2\/users\/2"}],"replies":[{"embeddable":true,"href":"https:\/\/mk-medpsychology.hr\/de\/wp-json\/wp\/v2\/comments?post=22762"}],"version-history":[{"count":4,"href":"https:\/\/mk-medpsychology.hr\/de\/wp-json\/wp\/v2\/pages\/22762\/revisions"}],"predecessor-version":[{"id":22925,"href":"https:\/\/mk-medpsychology.hr\/de\/wp-json\/wp\/v2\/pages\/22762\/revisions\/22925"}],"wp:attachment":[{"href":"https:\/\/mk-medpsychology.hr\/de\/wp-json\/wp\/v2\/media?parent=22762"}],"curies":[{"name":"wp","href":"https:\/\/api.w.org\/{rel}","templated":true}]}}