{"id":22764,"date":"2024-12-02T14:57:50","date_gmt":"2024-12-02T14:57:50","guid":{"rendered":"https:\/\/ensomedic.hr\/karijera\/"},"modified":"2024-12-09T20:58:50","modified_gmt":"2024-12-09T20:58:50","slug":"karriere","status":"publish","type":"page","link":"https:\/\/mk-medpsychology.hr\/de\/karriere\/","title":{"rendered":"Karriere"},"content":{"rendered":"\t\t<div data-elementor-type=\"wp-page\" data-elementor-id=\"22764\" class=\"elementor elementor-22764\" data-elementor-post-type=\"page\">\n\t\t\t\t<div class=\"elementor-element elementor-element-aaf2398 e-con-full wd-section-stretch e-flex e-con e-parent\" data-id=\"aaf2398\" data-element_type=\"container\">\n\t\t<div class=\"elementor-element elementor-element-c1b6801 e-con-full e-flex e-con e-child\" data-id=\"c1b6801\" data-element_type=\"container\" data-settings=\"{&quot;background_background&quot;:&quot;classic&quot;}\">\n\t\t\t\t\t<link rel=\"stylesheet\" id=\"wd-mod-animations-keyframes-css\" href=\"https:\/\/mk-medpsychology.hr\/wp-content\/themes\/woodmart\/css\/parts\/mod-animations-keyframes.min.css?ver=7.5.1\" type=\"text\/css\" media=\"all\" \/> \t\t\t\t\t<div class=\"elementor-element elementor-element-ffc3f46 elementor-widget elementor-widget-wd_text_block\" data-id=\"ffc3f46\" data-element_type=\"widget\" data-settings=\"{&quot;_animation&quot;:&quot;none&quot;}\" data-widget_type=\"wd_text_block.default\">\n\t\t\t\t<div class=\"elementor-widget-container\">\n\t\t\t\t\t\t\t\t<link rel=\"stylesheet\" id=\"wd-text-block-css\" href=\"https:\/\/mk-medpsychology.hr\/wp-content\/themes\/woodmart\/css\/parts\/el-text-block.min.css?ver=7.5.1\" type=\"text\/css\" media=\"all\" \/> \t\t\t\t\t<div class=\"wd-text-block reset-last-child text-center\">\n\t\t\t\n\t\t\t\n\t\t\t\t\t<\/div>\n\t\t\t\t\t\t<\/div>\n\t\t\t\t<\/div>\n\t\t\t\t<\/div>\n\t\t<div class=\"elementor-element elementor-element-e53f602 e-con-full e-flex e-con e-child\" data-id=\"e53f602\" data-element_type=\"container\" data-settings=\"{&quot;background_background&quot;:&quot;classic&quot;}\">\n\t\t\t\t<div class=\"elementor-element elementor-element-c51149b wd-width-100 elementor-widget elementor-widget-wd_title\" data-id=\"c51149b\" data-element_type=\"widget\" data-widget_type=\"wd_title.default\">\n\t\t\t\t<div class=\"elementor-widget-container\">\n\t\t\t\t\t\t\t\t<link rel=\"stylesheet\" id=\"wd-section-title-css\" href=\"https:\/\/mk-medpsychology.hr\/wp-content\/themes\/woodmart\/css\/parts\/el-section-title.min.css?ver=7.5.1\" type=\"text\/css\" media=\"all\" \/> \t\t\t\t\t\t<link rel=\"stylesheet\" id=\"wd-mod-highlighted-text-css\" href=\"https:\/\/mk-medpsychology.hr\/wp-content\/themes\/woodmart\/css\/parts\/mod-highlighted-text.min.css?ver=7.5.1\" type=\"text\/css\" media=\"all\" \/> \t\t\t\t\t<div class=\"title-wrapper set-mb-s reset-last-child wd-title-color-default wd-title-style-default wd-title-size-extra-large text-left\">\n\n\t\t\t\n\t\t\t<div class=\"liner-continer\">\n\t\t\t\t<h4 class=\"woodmart-title-container title wd-fontsize-xxxl wd-underline-colored\"><\/h4> \n\t\t\t\t\t\t\t<\/div>\n\n\t\t\t\t\t\t\t<div class=\"title-after_title set-cont-mb-s reset-last-child wd-fontsize-s\">\n\t\t\t\t\t<p>UNSER ANSATZ ZUR GESTALTUNG VON KARRIERE UND NACHHALTIGER ZUKUNFT<\/p><p>\u00a0<\/p><p>\u00a0<\/p>\t\t\t\t<\/div>\n\t\t\t\t\t<\/div>\n\t\t\t\t\t\t<\/div>\n\t\t\t\t<\/div>\n\t\t\t\t<div class=\"elementor-element elementor-element-1a834e7 wd-width-100 elementor-widget elementor-widget-wd_title\" data-id=\"1a834e7\" data-element_type=\"widget\" data-widget_type=\"wd_title.default\">\n\t\t\t\t<div class=\"elementor-widget-container\">\n\t\t\t\t\t\t\t<div class=\"title-wrapper set-mb-s reset-last-child wd-title-color-default wd-title-style-default wd-title-size-extra-large text-left\">\n\n\t\t\t\n\t\t\t<div class=\"liner-continer\">\n\t\t\t\t<h4 class=\"woodmart-title-container title wd-fontsize-xxxl wd-underline-colored\"><\/h4> \n\t\t\t\t\t\t\t<\/div>\n\n\t\t\t\t\t\t\t<div class=\"title-after_title set-cont-mb-s reset-last-child wd-fontsize-s\">\n\t\t\t\t\t<p><strong>KARRIERE<\/strong><\/p><p>Entdecken Sie, wie Sie mit uns Ihre Karriere aufbauen k\u00f6nnen.<\/p><p><strong>NACHHALTIGKEIT<\/strong><\/p><p>Nachhaltiges Wachstum ist der Kern unserer Vision. Ein sicheres Umfeld schafft eine produktive Zukunft f\u00fcr alle und f\u00f6rdert Vertrauen und Inklusion, die nicht nur erreichbar, sondern auch die Grundlage f\u00fcr eine gesunde Gesellschaft sind. Mit Ensomedic erreichen wir bewusst Prinzipien im Management und der Kommunikation, die sowohl berufliche als auch pers\u00f6nliche Entwicklung f\u00f6rdern, mit Leichtigkeit und ohne M\u00fche.<\/p><p><strong>WENN SICH EIN MITARBEITER SICHER F\u00dcHLT, PROFITIEREN DIE UNTERNEHMEN.<\/strong><\/p><p>Verhinderung und L\u00f6sung interner Unregelm\u00e4\u00dfigkeiten im Unternehmen, Bel\u00e4stigungen, Angstzust\u00e4nde, Unzufriedenheit und eingeschr\u00e4nkte Expositionen, die Mitarbeiter daran hindern, ihre Aufgaben mit voller Kapazit\u00e4t zu erledigen (Algorithmen, Modelle, Rekombinationen konfliktgenerierender Situationen). Effektives Management mit interaktivem Wissen \u00fcber die psychophysischen, vitalen Aspekte des mentalen Wohlbefindens.<\/p>\t\t\t\t<\/div>\n\t\t\t\t\t<\/div>\n\t\t\t\t\t\t<\/div>\n\t\t\t\t<\/div>\n\t\t\t\t<\/div>\n\t\t\t\t<\/div>\n\t\t\t\t<\/div>\n\t\t","protected":false},"excerpt":{"rendered":"<p>UNSER ANSATZ ZUR GESTALTUNG VON KARRIERE UND NACHHALTIGER ZUKUNFT \u00a0 \u00a0 KARRIERE Entdecken Sie, wie Sie mit uns Ihre Karriere<\/p>\n","protected":false},"author":2,"featured_media":0,"parent":0,"menu_order":0,"comment_status":"closed","ping_status":"closed","template":"","meta":{"_seopress_robots_primary_cat":"","_seopress_titles_title":"","_seopress_titles_desc":"","_seopress_robots_index":"","iawp_total_views":1,"footnotes":""},"class_list":["post-22764","page","type-page","status-publish","hentry"],"_links":{"self":[{"href":"https:\/\/mk-medpsychology.hr\/de\/wp-json\/wp\/v2\/pages\/22764","targetHints":{"allow":["GET"]}}],"collection":[{"href":"https:\/\/mk-medpsychology.hr\/de\/wp-json\/wp\/v2\/pages"}],"about":[{"href":"https:\/\/mk-medpsychology.hr\/de\/wp-json\/wp\/v2\/types\/page"}],"author":[{"embeddable":true,"href":"https:\/\/mk-medpsychology.hr\/de\/wp-json\/wp\/v2\/users\/2"}],"replies":[{"embeddable":true,"href":"https:\/\/mk-medpsychology.hr\/de\/wp-json\/wp\/v2\/comments?post=22764"}],"version-history":[{"count":4,"href":"https:\/\/mk-medpsychology.hr\/de\/wp-json\/wp\/v2\/pages\/22764\/revisions"}],"predecessor-version":[{"id":22887,"href":"https:\/\/mk-medpsychology.hr\/de\/wp-json\/wp\/v2\/pages\/22764\/revisions\/22887"}],"wp:attachment":[{"href":"https:\/\/mk-medpsychology.hr\/de\/wp-json\/wp\/v2\/media?parent=22764"}],"curies":[{"name":"wp","href":"https:\/\/api.w.org\/{rel}","templated":true}]}}