{"id":22766,"date":"2024-12-02T14:08:28","date_gmt":"2024-12-02T14:08:28","guid":{"rendered":"https:\/\/ensomedic.hr\/programi\/"},"modified":"2025-10-21T13:12:13","modified_gmt":"2025-10-21T13:12:13","slug":"programme","status":"publish","type":"page","link":"https:\/\/mk-medpsychology.hr\/de\/programme\/","title":{"rendered":"Programme"},"content":{"rendered":"\t\t<div data-elementor-type=\"wp-page\" data-elementor-id=\"22766\" class=\"elementor elementor-22766\" data-elementor-post-type=\"page\">\n\t\t\t\t<div class=\"elementor-element elementor-element-aaf2398 e-con-full wd-section-stretch e-flex e-con e-parent\" data-id=\"aaf2398\" data-element_type=\"container\" data-settings=\"{&quot;background_background&quot;:&quot;classic&quot;}\">\n\t\t<div class=\"elementor-element elementor-element-c1b6801 e-con-full e-flex e-con e-child\" data-id=\"c1b6801\" data-element_type=\"container\" data-settings=\"{&quot;background_background&quot;:&quot;classic&quot;}\">\n\t\t\t\t\t<link rel=\"stylesheet\" id=\"wd-mod-animations-keyframes-css\" href=\"https:\/\/mk-medpsychology.hr\/wp-content\/themes\/woodmart\/css\/parts\/mod-animations-keyframes.min.css?ver=7.5.1\" type=\"text\/css\" media=\"all\" \/> \t\t\t\t\t<div class=\"elementor-element elementor-element-ffc3f46 elementor-widget elementor-widget-wd_text_block\" data-id=\"ffc3f46\" data-element_type=\"widget\" data-settings=\"{&quot;_animation&quot;:&quot;none&quot;}\" data-widget_type=\"wd_text_block.default\">\n\t\t\t\t<div class=\"elementor-widget-container\">\n\t\t\t\t\t\t\t\t<link rel=\"stylesheet\" id=\"wd-text-block-css\" href=\"https:\/\/mk-medpsychology.hr\/wp-content\/themes\/woodmart\/css\/parts\/el-text-block.min.css?ver=7.5.1\" type=\"text\/css\" media=\"all\" \/> \t\t\t\t\t<div class=\"wd-text-block reset-last-child text-center\">\n\t\t\t\n\t\t\t\n\t\t\t\t\t<\/div>\n\t\t\t\t\t\t<\/div>\n\t\t\t\t<\/div>\n\t\t\t\t<\/div>\n\t\t<div class=\"elementor-element elementor-element-e53f602 e-con-full e-flex e-con e-child\" data-id=\"e53f602\" data-element_type=\"container\" data-settings=\"{&quot;background_background&quot;:&quot;classic&quot;}\">\n\t\t\t\t<div class=\"elementor-element elementor-element-1fd5d85 wd-width-100 elementor-widget elementor-widget-wd_title\" data-id=\"1fd5d85\" data-element_type=\"widget\" data-widget_type=\"wd_title.default\">\n\t\t\t\t<div class=\"elementor-widget-container\">\n\t\t\t\t\t\t\t\t<link rel=\"stylesheet\" id=\"wd-section-title-css\" href=\"https:\/\/mk-medpsychology.hr\/wp-content\/themes\/woodmart\/css\/parts\/el-section-title.min.css?ver=7.5.1\" type=\"text\/css\" media=\"all\" \/> \t\t\t\t\t\t<link rel=\"stylesheet\" id=\"wd-mod-highlighted-text-css\" href=\"https:\/\/mk-medpsychology.hr\/wp-content\/themes\/woodmart\/css\/parts\/mod-highlighted-text.min.css?ver=7.5.1\" type=\"text\/css\" media=\"all\" \/> \t\t\t\t\t<div class=\"title-wrapper set-mb-s reset-last-child wd-title-color-default wd-title-style-default wd-title-size-extra-large text-left\">\n\n\t\t\t\n\t\t\t<div class=\"liner-continer\">\n\t\t\t\t<h4 class=\"woodmart-title-container title wd-fontsize-xxxl wd-underline-colored\"><\/h4> \n\t\t\t\t\t\t\t<\/div>\n\n\t\t\t\t\t\t\t<div class=\"title-after_title set-cont-mb-s reset-last-child wd-fontsize-s\">\n\t\t\t\t\tPROGRAMME <br \/>MK MEDPSYCHOLOGY\t\t\t\t<\/div>\n\t\t\t\t\t<\/div>\n\t\t\t\t\t\t<\/div>\n\t\t\t\t<\/div>\n\t\t\t\t<div class=\"elementor-element elementor-element-de9a916 elementor-widget-divider--view-line elementor-widget elementor-widget-divider\" data-id=\"de9a916\" data-element_type=\"widget\" data-widget_type=\"divider.default\">\n\t\t\t\t<div class=\"elementor-widget-container\">\n\t\t\t\t\t\t\t<div class=\"elementor-divider\">\n\t\t\t<span class=\"elementor-divider-separator\">\n\t\t\t\t\t\t<\/span>\n\t\t<\/div>\n\t\t\t\t\t\t<\/div>\n\t\t\t\t<\/div>\n\t\t\t\t<div class=\"elementor-element elementor-element-d84c794 wd-width-100 elementor-widget elementor-widget-wd_title\" data-id=\"d84c794\" data-element_type=\"widget\" data-widget_type=\"wd_title.default\">\n\t\t\t\t<div class=\"elementor-widget-container\">\n\t\t\t\t\t\t\t<div class=\"title-wrapper set-mb-s reset-last-child wd-title-color-default wd-title-style-default wd-title-size-extra-large text-left\">\n\n\t\t\t\n\t\t\t<div class=\"liner-continer\">\n\t\t\t\t<h4 class=\"woodmart-title-container title wd-fontsize-xxxl wd-underline-colored\"><\/h4> \n\t\t\t\t\t\t\t<\/div>\n\n\t\t\t\t\t\t\t<div class=\"title-after_title set-cont-mb-s reset-last-child wd-fontsize-s\">\n\t\t\t\t\t<ul><br \/>\n  <li>Entwicklung und Integration von Marktintelligenz<\/li><br \/>\n  <li>Sciences Optimal Practical Training (OPT).<\/li><br \/>\n  <li>KO (Corporate Obstr.) Programm f\u00fcr Marktintelligenz. F\u00fcr Sektoren wie IT-Industrie, Leasing, Bankwesen, PR-Agenturen, Bauunternehmen usw.<\/li><br \/>\n  <li>Training zur systemischen Selbstorganisation (ST).<\/li><br \/>\n  <li>Workshop (VC) f\u00fcr nachhaltige Transformation (AI).<\/li><br \/>\n  <li>Workshop zu Risikomanagement in der Unternehmensinfrastruktur.<\/li><br \/>\n  <li>Programm f\u00fcr Krisenmanagement (RST).<\/li><br \/>\n  <li>Restart Ambivalenz (Hochschule f\u00fcr Methodologie) Professioneller Stress und Gesundheit.<\/li><br \/>\n  <li>Kurs zur Gesch\u00e4ftsprozessmanagement (BPM).<\/li><br \/>\n  <li>Workshop f\u00fcr Aikido in Gesch\u00e4ftsverhandlungen - Einfluss auf den Gespr\u00e4chspartner.<\/li><br \/>\n  <li>Workshop zum Projektmanagement.<\/li><br \/>\n  <li>Workshop f\u00fcr Neural Hacking (Trend).<\/li><br \/>\n  <li>Workshop f\u00fcr strategische Planung und Marketing f\u00fcr die Sektoren IT, Banken usw.<\/li><br \/>\n  <li>Workshop zur Gesch\u00e4ftsanbahnung bei IBC Croatia Cambridge. Internationale Bildung.<\/li><br \/>\n  <li>F\u00fchrungsprogramm, Pers\u00f6nlichkeitsentwicklung f\u00fcr F\u00fchrungskr\u00e4fte, Verst\u00e4ndnis f\u00fcr einzigartige Coping-Instrumente und Gesch\u00e4ftseinfluss, f\u00fcr Direktoren, Manager, Koordinatoren (m\u00f6glicherweise VIP Pers\u00f6nlichkeitsprogramm) VPF.<\/li><br \/>\n  <li>Unternehmenskurs f\u00fcr private Unternehmen und \u00f6ffentliche Einrichtungen.<\/li><br \/>\n<\/ul><br \/>\n\t\t\t\t<\/div>\n\t\t\t\t\t<\/div>\n\t\t\t\t\t\t<\/div>\n\t\t\t\t<\/div>\n\t\t\t\t<div class=\"elementor-element elementor-element-7e8b24f wd-width-100 elementor-widget elementor-widget-wd_title\" data-id=\"7e8b24f\" data-element_type=\"widget\" data-widget_type=\"wd_title.default\">\n\t\t\t\t<div class=\"elementor-widget-container\">\n\t\t\t\t\t\t\t<div class=\"title-wrapper set-mb-s reset-last-child wd-title-color-default wd-title-style-default wd-title-size-extra-large text-left\">\n\n\t\t\t\n\t\t\t<div class=\"liner-continer\">\n\t\t\t\t<h4 class=\"woodmart-title-container title wd-fontsize-xxxl wd-underline-colored\"><\/h4> \n\t\t\t\t\t\t\t<\/div>\n\n\t\t\t\t\t\t\t<div class=\"title-after_title set-cont-mb-s reset-last-child wd-fontsize-s\">\n\t\t\t\t\tPROGRAMME<br \/>\nEXECUTIVE<br \/>\nF\u00fcr verschiedene Zielgruppen\t\t\t\t<\/div>\n\t\t\t\t\t<\/div>\n\t\t\t\t\t\t<\/div>\n\t\t\t\t<\/div>\n\t\t\t\t<div class=\"elementor-element elementor-element-2098726 elementor-widget-divider--view-line elementor-widget elementor-widget-divider\" data-id=\"2098726\" data-element_type=\"widget\" data-widget_type=\"divider.default\">\n\t\t\t\t<div class=\"elementor-widget-container\">\n\t\t\t\t\t\t\t<div class=\"elementor-divider\">\n\t\t\t<span class=\"elementor-divider-separator\">\n\t\t\t\t\t\t<\/span>\n\t\t<\/div>\n\t\t\t\t\t\t<\/div>\n\t\t\t\t<\/div>\n\t\t\t\t<\/div>\n\t\t\t\t<\/div>\n\t\t<div class=\"elementor-element elementor-element-976e9bf e-flex e-con-boxed e-con e-parent\" data-id=\"976e9bf\" data-element_type=\"container\" data-settings=\"{&quot;background_background&quot;:&quot;classic&quot;}\">\n\t\t\t\t\t<div class=\"e-con-inner\">\n\t\t\t\t<div class=\"elementor-element elementor-element-d9f2ed1 wd-width-100 elementor-widget elementor-widget-wd_title\" data-id=\"d9f2ed1\" data-element_type=\"widget\" data-widget_type=\"wd_title.default\">\n\t\t\t\t<div class=\"elementor-widget-container\">\n\t\t\t\t\t\t\t<div class=\"title-wrapper set-mb-s reset-last-child wd-title-color-default wd-title-style-default wd-title-size-extra-large text-left\">\n\n\t\t\t\n\t\t\t<div class=\"liner-continer\">\n\t\t\t\t<h4 class=\"woodmart-title-container title wd-fontsize-xxxl wd-underline-colored\"><\/h4> \n\t\t\t\t\t\t\t<\/div>\n\n\t\t\t\t\t\t\t<div class=\"title-after_title set-cont-mb-s reset-last-child wd-fontsize-s\">\n\t\t\t\t\tPROGRAMME<br \/>SPORTPERFORMANSLAB<br \/>Nur die Regulierung von Sportlern.<br \/>BIOFeedback (biologische R\u00fcckkopplung)<br \/>Aktivierung der verborgenen Reserven von Sportlern.\t\t\t\t<\/div>\n\t\t\t\t\t<\/div>\n\t\t\t\t\t\t<\/div>\n\t\t\t\t<\/div>\n\t\t\t\t<div class=\"elementor-element elementor-element-fd3e2d6 wd-width-100 elementor-widget elementor-widget-wd_title\" data-id=\"fd3e2d6\" data-element_type=\"widget\" data-widget_type=\"wd_title.default\">\n\t\t\t\t<div class=\"elementor-widget-container\">\n\t\t\t\t\t\t\t<div class=\"title-wrapper set-mb-s reset-last-child wd-title-color-default wd-title-style-default wd-title-size-extra-large text-left\">\n\n\t\t\t\n\t\t\t<div class=\"liner-continer\">\n\t\t\t\t<h4 class=\"woodmart-title-container title wd-fontsize-xxxl wd-underline-colored\">STRUKTURELLER PROGRAMM<\/h4> \n\t\t\t\t\t\t\t<\/div>\n\n\t\t\t\t\t<\/div>\n\t\t\t\t\t\t<\/div>\n\t\t\t\t<\/div>\n\t\t\t\t<div class=\"elementor-element elementor-element-38cd8e3 elementor-widget-divider--view-line elementor-widget elementor-widget-divider\" data-id=\"38cd8e3\" data-element_type=\"widget\" data-widget_type=\"divider.default\">\n\t\t\t\t<div class=\"elementor-widget-container\">\n\t\t\t\t\t\t\t<div class=\"elementor-divider\">\n\t\t\t<span class=\"elementor-divider-separator\">\n\t\t\t\t\t\t<\/span>\n\t\t<\/div>\n\t\t\t\t\t\t<\/div>\n\t\t\t\t<\/div>\n\t\t\t\t<div class=\"elementor-element elementor-element-97a5baa elementor-widget elementor-widget-wd_text_block\" data-id=\"97a5baa\" data-element_type=\"widget\" data-widget_type=\"wd_text_block.default\">\n\t\t\t\t<div class=\"elementor-widget-container\">\n\t\t\t\t\t\t\t<div class=\"wd-text-block reset-last-child text-left\">\n\t\t\t\n\t\t\t<p>F\u00dcR SPORTLER<\/p><p>Was Sie erhalten werden:<\/p><ul><li>Sie werden alles \u00fcber den Prozess der Aktivierung des biologischen Reshoring (Ressourcen) lernen. Methodologie und Werkzeuge zur Aktivierung.<\/li><li>Sie lernen Methoden zur Bildung des inh\u00e4renten Potentials.<\/li><li>Sie lernen, wie man einen n\u00fctzlichen Zustand erschafft (integrierte Praxis).<\/li><li>Prozess der Selbstaktualisierung, Selbstbeeinflussung und Selbstregulation.<\/li><li>Einfluss auf andere, Eliminierung sch\u00e4dlicher Einfl\u00fcsse auf Sie.<\/li><li>Befreiung von konzeptionellen Elaborationen.<\/li><li>Sie werden Ihre Eigenart, Einzigartigkeit und Individualit\u00e4t Ihrer eigenen Pers\u00f6nlichkeit entdecken.<\/li><li>Sie lernen, Ihr eigenes mental-psychophysiologisches Zustand zu steuern, \u00c4ngste und Angstzust\u00e4nde zu verhindern.<\/li><li>Schutz des emotionalen Zustands, Vermeidung konfliktgenerierender Situationen (unn\u00f6tige Konflikte), da manche Konflikte entstehen, um Situationen zu l\u00f6sen und als Transformationen f\u00fcr Individuen zu dienen.<\/li><li>Resilienz gegen\u00fcber Stress, Druck und allostatischer Belastung. Adaptiver Intellekt.<\/li><li>Alles \u00fcber Selbstvertrauen und Willenskraft.<\/li><li>Kontrolle der Spannung.<\/li><li>Cluster von Instrumenten konvergenter Technologien, die Ihnen eine radikale Ver\u00e4nderung des bewussten Managements von Prozessen Ihres eigenen Interfaces erm\u00f6glichen werden.<\/li><li>Nicht-bin\u00e4re Ans\u00e4tze und Denkweisen.<\/li><li>Optimierung des ALPHA-TONs f\u00fcr Gewinner und F\u00fchrungskr\u00e4fte. Und vieles mehr, um optimale Ergebnisse und Ziele zu erreichen. Mit dem MK Medpsychology-Programm sind Sie auf dem sicheren Weg zum Sieg!<\/li><\/ul>\n\t\t\t\t\t<\/div>\n\t\t\t\t\t\t<\/div>\n\t\t\t\t<\/div>\n\t\t\t\t\t<\/div>\n\t\t\t\t<\/div>\n\t\t<div class=\"elementor-element elementor-element-c89d250 wd-section-stretch e-flex e-con-boxed e-con e-parent\" data-id=\"c89d250\" data-element_type=\"container\">\n\t\t\t\t\t<div class=\"e-con-inner\">\n\t\t<div class=\"elementor-element elementor-element-e50e318 e-con-full e-flex e-con e-child\" data-id=\"e50e318\" data-element_type=\"container\" data-settings=\"{&quot;background_background&quot;:&quot;classic&quot;}\">\n\t\t\t\t<div class=\"elementor-element elementor-element-738e94b wd-width-100 elementor-widget elementor-widget-wd_title\" data-id=\"738e94b\" data-element_type=\"widget\" data-widget_type=\"wd_title.default\">\n\t\t\t\t<div class=\"elementor-widget-container\">\n\t\t\t\t\t\t\t<div class=\"title-wrapper set-mb-s reset-last-child wd-title-color-default wd-title-style-default wd-title-size-extra-large text-left\">\n\n\t\t\t\n\t\t\t<div class=\"liner-continer\">\n\t\t\t\t<h4 class=\"woodmart-title-container title wd-fontsize-xxxl wd-underline-colored\"><\/h4> \n\t\t\t\t\t\t\t<\/div>\n\n\t\t\t\t\t\t\t<div class=\"title-after_title set-cont-mb-s reset-last-child wd-fontsize-s\">\n\t\t\t\t\t<p>PREISLISTE<\/p>\t\t\t\t<\/div>\n\t\t\t\t\t<\/div>\n\t\t\t\t\t\t<\/div>\n\t\t\t\t<\/div>\n\t\t\t\t<div class=\"elementor-element elementor-element-1db73b1 wd-width-100 elementor-widget elementor-widget-wd_title\" data-id=\"1db73b1\" data-element_type=\"widget\" data-widget_type=\"wd_title.default\">\n\t\t\t\t<div class=\"elementor-widget-container\">\n\t\t\t\t\t\t\t<div class=\"title-wrapper set-mb-s reset-last-child wd-title-color-default wd-title-style-default wd-title-size-extra-large text-left\">\n\n\t\t\t\n\t\t\t<div class=\"liner-continer\">\n\t\t\t\t<h4 class=\"woodmart-title-container title wd-fontsize-xxxl wd-underline-colored\"><\/h4> \n\t\t\t\t\t\t\t<\/div>\n\n\t\t\t\t\t\t\t<div class=\"title-after_title set-cont-mb-s reset-last-child wd-fontsize-s\">\n\t\t\t\t\t<ul> <li>Training von 2 bis 3 Stunden: ab 600 EUR (Unternehmen, Einrichtungen)<\/li> <li>Executive Training 2 Stunden: ab 90,00 EUR pro Person<\/li> <\/ul>\t\t\t\t<\/div>\n\t\t\t\t\t<\/div>\n\t\t\t\t\t\t<\/div>\n\t\t\t\t<\/div>\n\t\t\t\t<\/div>\n\t\t\t\t\t<\/div>\n\t\t\t\t<\/div>\n\t\t\t\t<\/div>\n\t\t","protected":false},"excerpt":{"rendered":"<p>PROGRAMME MK MEDPSYCHOLOGY Entwicklung und Integration von Marktintelligenz Sciences Optimal Practical Training (OPT). KO (Corporate Obstr.) Programm f\u00fcr Marktintelligenz. F\u00fcr<\/p>\n","protected":false},"author":2,"featured_media":0,"parent":0,"menu_order":0,"comment_status":"closed","ping_status":"closed","template":"","meta":{"_seopress_robots_primary_cat":"","_seopress_titles_title":"","_seopress_titles_desc":"","_seopress_robots_index":"","iawp_total_views":1,"footnotes":""},"class_list":["post-22766","page","type-page","status-publish","hentry"],"_links":{"self":[{"href":"https:\/\/mk-medpsychology.hr\/de\/wp-json\/wp\/v2\/pages\/22766","targetHints":{"allow":["GET"]}}],"collection":[{"href":"https:\/\/mk-medpsychology.hr\/de\/wp-json\/wp\/v2\/pages"}],"about":[{"href":"https:\/\/mk-medpsychology.hr\/de\/wp-json\/wp\/v2\/types\/page"}],"author":[{"embeddable":true,"href":"https:\/\/mk-medpsychology.hr\/de\/wp-json\/wp\/v2\/users\/2"}],"replies":[{"embeddable":true,"href":"https:\/\/mk-medpsychology.hr\/de\/wp-json\/wp\/v2\/comments?post=22766"}],"version-history":[{"count":7,"href":"https:\/\/mk-medpsychology.hr\/de\/wp-json\/wp\/v2\/pages\/22766\/revisions"}],"predecessor-version":[{"id":23154,"href":"https:\/\/mk-medpsychology.hr\/de\/wp-json\/wp\/v2\/pages\/22766\/revisions\/23154"}],"wp:attachment":[{"href":"https:\/\/mk-medpsychology.hr\/de\/wp-json\/wp\/v2\/media?parent=22766"}],"curies":[{"name":"wp","href":"https:\/\/api.w.org\/{rel}","templated":true}]}}