{"id":22778,"date":"2024-11-17T20:57:20","date_gmt":"2024-11-17T20:57:20","guid":{"rendered":"https:\/\/ensomedic.hr\/clinic-key\/"},"modified":"2025-10-21T13:13:25","modified_gmt":"2025-10-21T13:13:25","slug":"clinic-key","status":"publish","type":"page","link":"https:\/\/mk-medpsychology.hr\/de\/clinic-key\/","title":{"rendered":"Clinic Key"},"content":{"rendered":"\t\t<div data-elementor-type=\"wp-page\" data-elementor-id=\"22778\" class=\"elementor elementor-22778\" data-elementor-post-type=\"page\">\n\t\t\t\t<div class=\"elementor-element elementor-element-3ad512b wd-section-stretch e-flex e-con-boxed e-con e-parent\" data-id=\"3ad512b\" data-element_type=\"container\" data-settings=\"{&quot;background_background&quot;:&quot;classic&quot;}\">\n\t\t\t\t\t<div class=\"e-con-inner\">\n\t\t\t\t<div class=\"elementor-element elementor-element-1da43aa wd-width-100 elementor-widget elementor-widget-wd_title\" data-id=\"1da43aa\" data-element_type=\"widget\" data-widget_type=\"wd_title.default\">\n\t\t\t\t<div class=\"elementor-widget-container\">\n\t\t\t\t\t\t\t\t<link rel=\"stylesheet\" id=\"wd-section-title-css\" href=\"https:\/\/mk-medpsychology.hr\/wp-content\/themes\/woodmart\/css\/parts\/el-section-title.min.css?ver=7.5.1\" type=\"text\/css\" media=\"all\" \/> \t\t\t\t\t<div class=\"title-wrapper set-mb-s reset-last-child wd-title-color-default wd-title-style-default wd-title-size-default text-left\">\n\n\t\t\t\n\t\t\t<div class=\"liner-continer\">\n\t\t\t\t<h4 class=\"woodmart-title-container title wd-fontsize-l\">WILLKOMMEN BEI MK MEDPSYCHOLOGY \u2013<br \/>\n ZIEL F\u00dcR GESUNDHEITSBERUFE.<\/h4> \n\t\t\t\t\t\t\t<\/div>\n\n\t\t\t\t\t\t\t<div class=\"title-after_title set-cont-mb-s reset-last-child wd-fontsize-xs\">\n\t\t\t\t\tVereinbaren Sie Clinical Key in Ihrer Einrichtung.\t\t\t\t<\/div>\n\t\t\t\t\t<\/div>\n\t\t\t\t\t\t<\/div>\n\t\t\t\t<\/div>\n\t\t\t\t\t<\/div>\n\t\t\t\t<\/div>\n\t\t<div class=\"elementor-element elementor-element-0f8d147 e-con-full e-flex e-con e-parent\" data-id=\"0f8d147\" data-element_type=\"container\">\n\t\t\t\t<div class=\"elementor-element elementor-element-ce3a3ac wd-width-100 elementor-widget elementor-widget-wd_title\" data-id=\"ce3a3ac\" data-element_type=\"widget\" data-widget_type=\"wd_title.default\">\n\t\t\t\t<div class=\"elementor-widget-container\">\n\t\t\t\t\t\t\t\t<link rel=\"stylesheet\" id=\"wd-mod-highlighted-text-css\" href=\"https:\/\/mk-medpsychology.hr\/wp-content\/themes\/woodmart\/css\/parts\/mod-highlighted-text.min.css?ver=7.5.1\" type=\"text\/css\" media=\"all\" \/> \t\t\t\t\t<div class=\"title-wrapper set-mb-s reset-last-child wd-title-color-default wd-title-style-default wd-title-size-extra-large text-center\">\n\n\t\t\t\n\t\t\t<div class=\"liner-continer\">\n\t\t\t\t<h4 class=\"woodmart-title-container title wd-fontsize-xxxl wd-underline-colored\">Beteiligen Sie sich an unseren Projekten und erfahren Sie, wie Clinical Key Ihnen helfen kann.<\/h4> \n\t\t\t\t\t\t\t<\/div>\n\n\t\t\t\t\t<\/div>\n\t\t\t\t\t\t<\/div>\n\t\t\t\t<\/div>\n\t\t\t\t<div class=\"elementor-element elementor-element-0591f38 elementor-widget-divider--view-line elementor-widget elementor-widget-divider\" data-id=\"0591f38\" data-element_type=\"widget\" data-widget_type=\"divider.default\">\n\t\t\t\t<div class=\"elementor-widget-container\">\n\t\t\t\t\t\t\t<div class=\"elementor-divider\">\n\t\t\t<span class=\"elementor-divider-separator\">\n\t\t\t\t\t\t<\/span>\n\t\t<\/div>\n\t\t\t\t\t\t<\/div>\n\t\t\t\t<\/div>\n\t\t\t\t<div class=\"elementor-element elementor-element-0a44938 elementor-widget elementor-widget-wd_text_block\" data-id=\"0a44938\" data-element_type=\"widget\" data-widget_type=\"wd_text_block.default\">\n\t\t\t\t<div class=\"elementor-widget-container\">\n\t\t\t\t\t\t\t\t<link rel=\"stylesheet\" id=\"wd-text-block-css\" href=\"https:\/\/mk-medpsychology.hr\/wp-content\/themes\/woodmart\/css\/parts\/el-text-block.min.css?ver=7.5.1\" type=\"text\/css\" media=\"all\" \/> \t\t\t\t\t<div class=\"wd-text-block reset-last-child text-left\">\n\t\t\t\n\t\t\t<p>Ausbildung f\u00fcr Kliniker, \u00c4rzte, Krankenschwestern und andere Gesundheitsberufe.<br \/>Greifen Sie auf die tiefsten Errungenschaften von MK Medpsychology zu.<br \/>MK MEDPSYCHOLOGY HEALTH f\u00fchrt Clinical Key f\u00fcr schnellen und zuverl\u00e4ssigen Inhalt ein.<br \/>Wir sind begeistert, Teil dieser Evolution in der Bereitstellung verschiedener Formate und Inhalte zu sein, die sowohl f\u00fcr Gesundheitsdienstleister als auch f\u00fcr Patienten angepasst sind.<\/p><p>Sprechen Sie mit unserem vertrauensw\u00fcrdigen Team, um mehr \u00fcber Clinical Key zu erfahren.<\/p>\n\t\t\t\t\t<\/div>\n\t\t\t\t\t\t<\/div>\n\t\t\t\t<\/div>\n\t\t\t\t<div class=\"elementor-element elementor-element-acff8e8 elementor-widget elementor-widget-button\" data-id=\"acff8e8\" data-element_type=\"widget\" data-widget_type=\"button.default\">\n\t\t\t\t<div class=\"elementor-widget-container\">\n\t\t\t\t\t\t\t\t\t<div class=\"elementor-button-wrapper\">\n\t\t\t\t\t<a class=\"elementor-button elementor-button-link elementor-size-sm\" href=\"https:\/\/mk-medpsychology.hr\/de\/kontakt\/\">\n\t\t\t\t\t\t<span class=\"elementor-button-content-wrapper\">\n\t\t\t\t\t\t\t\t\t<span class=\"elementor-button-text\">Kontakt<\/span>\n\t\t\t\t\t<\/span>\n\t\t\t\t\t<\/a>\n\t\t\t\t<\/div>\n\t\t\t\t\t\t\t\t<\/div>\n\t\t\t\t<\/div>\n\t\t\t\t<\/div>\n\t\t<div class=\"elementor-element elementor-element-664cdc2 e-con-full wd-section-stretch e-flex e-con e-parent\" data-id=\"664cdc2\" data-element_type=\"container\">\n\t\t<div class=\"elementor-element elementor-element-116e46a e-con-full e-flex e-con e-child\" data-id=\"116e46a\" data-element_type=\"container\" data-settings=\"{&quot;background_background&quot;:&quot;classic&quot;}\">\n\t\t\t\t<div class=\"elementor-element elementor-element-05a0c6e wd-width-100 elementor-widget elementor-widget-wd_title\" data-id=\"05a0c6e\" data-element_type=\"widget\" data-widget_type=\"wd_title.default\">\n\t\t\t\t<div class=\"elementor-widget-container\">\n\t\t\t\t\t\t\t<div class=\"title-wrapper set-mb-s reset-last-child wd-title-color-default wd-title-style-default wd-title-size-extra-large text-left\">\n\n\t\t\t\n\t\t\t<div class=\"liner-continer\">\n\t\t\t\t<h4 class=\"woodmart-title-container title wd-fontsize-xxxl wd-underline-colored\"><\/h4> \n\t\t\t\t\t\t\t<\/div>\n\n\t\t\t\t\t\t\t<div class=\"title-after_title set-cont-mb-s reset-last-child wd-fontsize-s\">\n\t\t\t\t\t<p>MK Medpsychology unterst\u00fctzt Ihren beruflichen Fortschritt.<\/p>\t\t\t\t<\/div>\n\t\t\t\t\t<\/div>\n\t\t\t\t\t\t<\/div>\n\t\t\t\t<\/div>\n\t\t\t\t<\/div>\n\t\t<div class=\"elementor-element elementor-element-d91eeb9 e-con-full e-flex e-con e-child\" data-id=\"d91eeb9\" data-element_type=\"container\">\n\t\t\t\t<div class=\"elementor-element elementor-element-35deddd wd-width-100 elementor-widget elementor-widget-wd_title\" data-id=\"35deddd\" data-element_type=\"widget\" data-widget_type=\"wd_title.default\">\n\t\t\t\t<div class=\"elementor-widget-container\">\n\t\t\t\t\t\t\t<div class=\"title-wrapper set-mb-s reset-last-child wd-title-color-default wd-title-style-default wd-title-size-extra-large text-left\">\n\n\t\t\t\n\t\t\t<div class=\"liner-continer\">\n\t\t\t\t<h4 class=\"woodmart-title-container title wd-fontsize-xxxl wd-underline-colored\"><\/h4> \n\t\t\t\t\t\t\t<\/div>\n\n\t\t\t\t\t\t\t<div class=\"title-after_title set-cont-mb-s reset-last-child wd-fontsize-s\">\n\t\t\t\t\t<p><strong>Vereinbaren Sie Clinic Key f\u00fcr Ihre Einrichtung.<\/strong><br \/>Erm\u00f6glichen Sie Ihrer Einrichtung den Zugang zu Clinic Key, um sofort zu entdecken, warum Gesundheitsmanager und medizinisches Personal die Gesch\u00e4ftsergebnisse verbessert, qualitativ hochwertige Patientenversorgung bereitgestellt und ihr Wissen bereichert und erweitert haben.<\/p><p><strong>PERSONALISIERUNG<\/strong><br \/>Bietet personalisierte Antworten basierend auf dem Profil des Klinikpersonals.<\/p><p><strong>STEIGERN SIE DAS FACHWISSEN DER KLINIKER.<\/strong><br \/>KLINIKER ERHALTEN EINEN STARKEN Ratgeber.<br \/>Eine Nachricht von Clinic Key, die schnelleren Zugang zu zuverl\u00e4ssigem klinischem Wissen, Inhalten und Wachstum bietet.<\/p>\t\t\t\t<\/div>\n\t\t\t\t\t<\/div>\n\t\t\t\t\t\t<\/div>\n\t\t\t\t<\/div>\n\t\t\t\t<\/div>\n\t\t\t\t<\/div>\n\t\t<div class=\"elementor-element elementor-element-771cd75 wd-section-stretch e-flex e-con-boxed e-con e-parent\" data-id=\"771cd75\" data-element_type=\"container\" data-settings=\"{&quot;background_background&quot;:&quot;classic&quot;}\">\n\t\t\t\t\t<div class=\"e-con-inner\">\n\t\t\t\t<div class=\"elementor-element elementor-element-a062da0 wd-width-100 elementor-widget elementor-widget-wd_title\" data-id=\"a062da0\" data-element_type=\"widget\" data-widget_type=\"wd_title.default\">\n\t\t\t\t<div class=\"elementor-widget-container\">\n\t\t\t\t\t\t\t<div class=\"title-wrapper set-mb-s reset-last-child wd-title-color-default wd-title-style-default wd-title-size-default text-left\">\n\n\t\t\t\n\t\t\t<div class=\"liner-continer\">\n\t\t\t\t<h4 class=\"woodmart-title-container title wd-fontsize-l\">Tiefere Einblicke in die St\u00e4rkung der Wettbewerbsf\u00e4higkeit Ihrer Universit\u00e4t<\/h4> \n\t\t\t\t\t\t\t<\/div>\n\n\t\t\t\t\t\t\t<div class=\"title-after_title set-cont-mb-s reset-last-child wd-fontsize-xs\">\n\t\t\t\t\t<p>Verbessern Sie die Programme Ihrer Institution mit den Ressourcen und Tools von MK Medpsychology.<\/p>\t\t\t\t<\/div>\n\t\t\t\t\t<\/div>\n\t\t\t\t\t\t<\/div>\n\t\t\t\t<\/div>\n\t\t\t\t\t<\/div>\n\t\t\t\t<\/div>\n\t\t<div class=\"elementor-element elementor-element-20dddbd wd-section-stretch e-flex e-con-boxed e-con e-parent\" data-id=\"20dddbd\" data-element_type=\"container\" data-settings=\"{&quot;background_background&quot;:&quot;classic&quot;}\">\n\t\t\t\t\t<div class=\"e-con-inner\">\n\t\t\t\t<div class=\"elementor-element elementor-element-66cb010 wd-width-100 elementor-widget elementor-widget-wd_title\" data-id=\"66cb010\" data-element_type=\"widget\" data-widget_type=\"wd_title.default\">\n\t\t\t\t<div class=\"elementor-widget-container\">\n\t\t\t\t\t\t\t<div class=\"title-wrapper set-mb-s reset-last-child wd-title-color-default wd-title-style-default wd-title-size-default text-right\">\n\n\t\t\t\n\t\t\t<div class=\"liner-continer\">\n\t\t\t\t<h4 class=\"woodmart-title-container title wd-fontsize-l\">Zum Wohle jedes Patienten<\/h4> \n\t\t\t\t\t\t\t<\/div>\n\n\t\t\t\t\t\t\t<div class=\"title-after_title set-cont-mb-s reset-last-child wd-fontsize-xs\">\n\t\t\t\t\tUnser Ziel ist dasselbe wie Ihres: die Ergebnisse f\u00fcr jeden Patienten zu verbessern. Lassen Sie uns das gemeinsam erreichen.\t\t\t\t<\/div>\n\t\t\t\t\t<\/div>\n\t\t\t\t\t\t<\/div>\n\t\t\t\t<\/div>\n\t\t\t\t\t<\/div>\n\t\t\t\t<\/div>\n\t\t\t\t<\/div>\n\t\t","protected":false},"excerpt":{"rendered":"<p>WILLKOMMEN BEI MK MEDPSYCHOLOGY \u2013 ZIEL F\u00dcR GESUNDHEITSBERUFE. Vereinbaren Sie Clinical Key in Ihrer Einrichtung. Beteiligen Sie sich an unseren<\/p>\n","protected":false},"author":2,"featured_media":0,"parent":0,"menu_order":0,"comment_status":"closed","ping_status":"closed","template":"","meta":{"_seopress_robots_primary_cat":"","_seopress_titles_title":"","_seopress_titles_desc":"","_seopress_robots_index":"","iawp_total_views":0,"footnotes":""},"class_list":["post-22778","page","type-page","status-publish","hentry"],"_links":{"self":[{"href":"https:\/\/mk-medpsychology.hr\/de\/wp-json\/wp\/v2\/pages\/22778","targetHints":{"allow":["GET"]}}],"collection":[{"href":"https:\/\/mk-medpsychology.hr\/de\/wp-json\/wp\/v2\/pages"}],"about":[{"href":"https:\/\/mk-medpsychology.hr\/de\/wp-json\/wp\/v2\/types\/page"}],"author":[{"embeddable":true,"href":"https:\/\/mk-medpsychology.hr\/de\/wp-json\/wp\/v2\/users\/2"}],"replies":[{"embeddable":true,"href":"https:\/\/mk-medpsychology.hr\/de\/wp-json\/wp\/v2\/comments?post=22778"}],"version-history":[{"count":10,"href":"https:\/\/mk-medpsychology.hr\/de\/wp-json\/wp\/v2\/pages\/22778\/revisions"}],"predecessor-version":[{"id":23157,"href":"https:\/\/mk-medpsychology.hr\/de\/wp-json\/wp\/v2\/pages\/22778\/revisions\/23157"}],"wp:attachment":[{"href":"https:\/\/mk-medpsychology.hr\/de\/wp-json\/wp\/v2\/media?parent=22778"}],"curies":[{"name":"wp","href":"https:\/\/api.w.org\/{rel}","templated":true}]}}