{"id":22780,"date":"2024-11-17T20:24:15","date_gmt":"2024-11-17T20:24:15","guid":{"rendered":"https:\/\/ensomedic.hr\/politika-kolacica\/"},"modified":"2024-12-09T20:42:27","modified_gmt":"2024-12-09T20:42:27","slug":"cookie-richtlinie","status":"publish","type":"page","link":"https:\/\/mk-medpsychology.hr\/de\/cookie-richtlinie\/","title":{"rendered":"Cookie-Richtlinie"},"content":{"rendered":"<h2>Cookie-Richtlinie<\/h2>\n<p><strong>1. Was sind Cookies?<\/strong><\/p>\n<p>Cookies sind kleine Textdateien, die von Websites auf Ihrem Ger\u00e4t (Computer, Tablet, Smartphone) gespeichert werden, wenn Sie diese besuchen. Sie erm\u00f6glichen es der Website, Ihr Ger\u00e4t zu erkennen, Ihre Einstellungen zu speichern und Ihr Benutzererlebnis anzupassen. Cookies k\u00f6nnen Informationen wie die IP-Adresse, den Browser-Typ, Sprachpr\u00e4ferenzen und andere Daten im Zusammenhang mit Ihrem Besuch sammeln.<\/p>\n<p><strong>2. Arten von Cookies, die wir verwenden<\/strong><\/p>\n<p>Auf unserer Website verwenden wir die folgenden Arten von Cookies:<\/p>\n<ul>\n<li><strong>Notwendige Cookies<\/strong><br \/>\nDiese Cookies sind f\u00fcr das grundlegende Funktionieren unserer Website erforderlich und k\u00f6nnen in unseren Systemen nicht deaktiviert werden. Sie werden in der Regel als Antwort auf Ihre Aktivit\u00e4ten gesetzt, wie z. B. das Festlegen von Datenschutzeinstellungen, das Anmelden oder das Ausf\u00fcllen von Formularen.<\/li>\n<li><strong>Leistungs-Cookies<\/strong><br \/>\nDiese Cookies sammeln Informationen dar\u00fcber, wie Benutzer unsere Website nutzen, z. B. welche Seiten am h\u00e4ufigsten besucht werden und ob Fehlermeldungen angezeigt werden. Diese Informationen werden verwendet, um die Funktionalit\u00e4t der Website zu verbessern.<\/li>\n<li><strong>Funktionale Cookies<\/strong><br \/>\nDiese Cookies erm\u00f6glichen es der Website, verbesserte Funktionen und Personalisierung anzubieten, z. B. das Speichern Ihrer Einstellungen und Pr\u00e4ferenzen (z. B. Sprache oder Region).<\/li>\n<li><strong>Marketing-Cookies<\/strong><br \/>\nDiese Cookies werden verwendet, um Benutzer auf verschiedenen Websites zu verfolgen und gezielte Werbung anzuzeigen, die f\u00fcr den Benutzer relevanter ist.<\/li>\n<\/ul>\n<p><strong>3. Wie wir Cookies verwenden<\/strong><\/p>\n<p>Wir verwenden Cookies f\u00fcr:<\/p>\n<ul>\n<li>Die ordnungsgem\u00e4\u00dfe Funktionsweise der Website sicherzustellen<\/li>\n<li>Die Leistung der Website und das Benutzererlebnis zu verbessern<\/li>\n<li>Die Analyse des Website-Verkehrs<\/li>\n<li>Die Anpassung von Inhalten und Werbung entsprechend Ihren Interessen<\/li>\n<\/ul>\n<p><strong>4. Verwaltung von Cookies<\/strong><\/p>\n<p>Beim ersten Besuch unserer Website wird Ihnen eine Benachrichtigung zur Verwendung von Cookies angezeigt. Sie k\u00f6nnen Ihre Einstellungen \u00fcber die Browsereinstellungen verwalten, in denen Sie Cookies akzeptieren oder ablehnen k\u00f6nnen. Das Deaktivieren bestimmter Cookies kann jedoch die Funktionalit\u00e4t der Website beeintr\u00e4chtigen.<\/p>\n<ul>\n<li><strong>Browsereinstellungen<\/strong><br \/>\nDie meisten Webbrowser erm\u00f6glichen es Ihnen, Cookies \u00fcber deren Einstellungen zu steuern. Weitere Informationen zur Verwaltung von Cookies finden Sie in der Dokumentation Ihres Browsers.<\/li>\n<\/ul>\n<p><strong>5. Cookies von Dritten<\/strong><\/p>\n<p>Auf unserer Website k\u00f6nnen auch Cookies von Drittanbietern verwendet werden, wie z. B. Analyse-Tools (Google Analytics) oder Cookies von sozialen Netzwerken. Diese Cookies sammeln Daten \u00fcber Ihre Interaktion mit unserer Website, aber wir haben keine Kontrolle \u00fcber sie.<\/p>\n<p><strong>6. \u00c4nderungen der Cookie-Richtlinie<\/strong><\/p>\n<p>Wir behalten uns das Recht vor, diese Cookie-Richtlinie zu \u00e4ndern. Alle \u00c4nderungen werden auf dieser Seite ver\u00f6ffentlicht und treten sofort nach der Ver\u00f6ffentlichung in Kraft.<\/p>\n<p><strong>Kontakt<\/strong><\/p>\n<p>Bei Fragen zu dieser Cookie-Richtlinie k\u00f6nnen Sie uns per E-Mail kontaktieren.<\/p>\n","protected":false},"excerpt":{"rendered":"<p>Cookie-Richtlinie 1. Was sind Cookies? Cookies sind kleine Textdateien, die von Websites auf Ihrem Ger\u00e4t (Computer, Tablet, Smartphone) gespeichert werden,<\/p>\n","protected":false},"author":2,"featured_media":0,"parent":0,"menu_order":0,"comment_status":"closed","ping_status":"closed","template":"","meta":{"_seopress_robots_primary_cat":"","_seopress_titles_title":"","_seopress_titles_desc":"","_seopress_robots_index":"","iawp_total_views":1,"footnotes":""},"class_list":["post-22780","page","type-page","status-publish","hentry"],"_links":{"self":[{"href":"https:\/\/mk-medpsychology.hr\/de\/wp-json\/wp\/v2\/pages\/22780","targetHints":{"allow":["GET"]}}],"collection":[{"href":"https:\/\/mk-medpsychology.hr\/de\/wp-json\/wp\/v2\/pages"}],"about":[{"href":"https:\/\/mk-medpsychology.hr\/de\/wp-json\/wp\/v2\/types\/page"}],"author":[{"embeddable":true,"href":"https:\/\/mk-medpsychology.hr\/de\/wp-json\/wp\/v2\/users\/2"}],"replies":[{"embeddable":true,"href":"https:\/\/mk-medpsychology.hr\/de\/wp-json\/wp\/v2\/comments?post=22780"}],"version-history":[{"count":2,"href":"https:\/\/mk-medpsychology.hr\/de\/wp-json\/wp\/v2\/pages\/22780\/revisions"}],"predecessor-version":[{"id":22857,"href":"https:\/\/mk-medpsychology.hr\/de\/wp-json\/wp\/v2\/pages\/22780\/revisions\/22857"}],"wp:attachment":[{"href":"https:\/\/mk-medpsychology.hr\/de\/wp-json\/wp\/v2\/media?parent=22780"}],"curies":[{"name":"wp","href":"https:\/\/api.w.org\/{rel}","templated":true}]}}