{"id":22790,"date":"2024-11-17T20:06:42","date_gmt":"2024-11-17T20:06:42","guid":{"rendered":"https:\/\/ensomedic.hr\/o-nama\/"},"modified":"2025-10-27T10:14:45","modified_gmt":"2025-10-27T10:14:45","slug":"ueber-uns","status":"publish","type":"page","link":"https:\/\/mk-medpsychology.hr\/de\/ueber-uns\/","title":{"rendered":"\u00dcber uns"},"content":{"rendered":"\t\t<div data-elementor-type=\"wp-page\" data-elementor-id=\"22790\" class=\"elementor elementor-22790\" data-elementor-post-type=\"page\">\n\t\t\t\t<div class=\"elementor-element elementor-element-0302f26 e-flex e-con-boxed e-con e-parent\" data-id=\"0302f26\" data-element_type=\"container\">\n\t\t\t\t\t<div class=\"e-con-inner\">\n\t\t\t\t<div class=\"elementor-element elementor-element-9e57cb1 elementor-widget elementor-widget-video\" data-id=\"9e57cb1\" data-element_type=\"widget\" data-settings=\"{&quot;video_type&quot;:&quot;hosted&quot;,&quot;autoplay&quot;:&quot;yes&quot;,&quot;play_on_mobile&quot;:&quot;yes&quot;,&quot;mute&quot;:&quot;yes&quot;}\" data-widget_type=\"video.default\">\n\t\t\t\t<div class=\"elementor-widget-container\">\n\t\t\t\t\t\t\t<div class=\"e-hosted-video elementor-wrapper elementor-open-inline\">\n\t\t\t\t\t<video class=\"elementor-video\" src=\"https:\/\/mk-medpsychology.hr\/wp-content\/uploads\/2024\/12\/Depositphotos_158415938_1080p.mp4\" autoplay=\"\" muted=\"muted\" playsinline=\"\" controlsList=\"nodownload\"><\/video>\n\t\t\t\t<\/div>\n\t\t\t\t\t\t<\/div>\n\t\t\t\t<\/div>\n\t\t\t\t\t<\/div>\n\t\t\t\t<\/div>\n\t\t<div class=\"elementor-element elementor-element-0bcab90 e-flex e-con-boxed e-con e-parent\" data-id=\"0bcab90\" data-element_type=\"container\">\n\t\t\t\t\t<div class=\"e-con-inner\">\n\t\t\t\t<div class=\"elementor-element elementor-element-2f728c6 elementor-invisible elementor-widget elementor-widget-heading\" data-id=\"2f728c6\" data-element_type=\"widget\" data-settings=\"{&quot;_animation&quot;:&quot;fadeIn&quot;}\" data-widget_type=\"heading.default\">\n\t\t\t\t<div class=\"elementor-widget-container\">\n\t\t\t\t\t<h1 class=\"elementor-heading-title elementor-size-default\">Unternehmenskommentar<\/h1>\t\t\t\t<\/div>\n\t\t\t\t<\/div>\n\t\t\t\t<div class=\"elementor-element elementor-element-2456ba8 elementor-widget elementor-widget-wd_text_block\" data-id=\"2456ba8\" data-element_type=\"widget\" data-widget_type=\"wd_text_block.default\">\n\t\t\t\t<div class=\"elementor-widget-container\">\n\t\t\t\t\t\t\t\t<link rel=\"stylesheet\" id=\"wd-text-block-css\" href=\"https:\/\/mk-medpsychology.hr\/wp-content\/themes\/woodmart\/css\/parts\/el-text-block.min.css?ver=7.5.1\" type=\"text\/css\" media=\"all\" \/> \t\t\t\t\t<div class=\"wd-text-block reset-last-child text-left\">\n\t\t\t\n\t\t\t<p>Eine Reise, bei der <strong>Human Resources<\/strong> der wichtigste Faktor ist. Denjenigen, die ihre eigene einzigartige Tonalit\u00e4t in einer Welt finden, in der Technologien schneller innovieren, als Menschen sich daran gew\u00f6hnen, wird die Zukunft geh\u00f6ren. Ver\u00e4nderungen kommen, und unsere Aufgabe ist es, Herausforderungen proaktiv zu meistern, Ideen und L\u00f6sungen zu generieren, Datenanalysen zu nutzen und den neuen Marktanforderungen und Trends gerecht zu werden. Wir sollten flexibel und bereit sein, Ver\u00e4nderungen als Chance f\u00fcr pers\u00f6nliche Transformation zu sehen, wodurch wir unsere Wettbewerbsf\u00e4higkeit st\u00e4rken, innovative Produkte schaffen und unsere Kapazit\u00e4ten erweitern k\u00f6nnen.<\/p><p>Wer in der Zukunft mitgestalten m\u00f6chte, muss die Bedeutung der Anpassung an die neue Marktdynamik erkennen, technologische Fortschritte annehmen, neue Gesch\u00e4ftsmodelle entwickeln und Marketingstrategien agil an die Anforderungen des globalen Marktes anpassen. Dabei gilt es, Wettbewerbsf\u00e4higkeit durch adaptive Intelligenz zu erhalten \u2013 ohne Stress und ohne Schaden f\u00fcr die psychische und physische Gesundheit.<\/p><p>Die Nachfrage nach Fachkr\u00e4ften im Bereich der nachhaltigen Entwicklung ist ein zentraler Bestandteil jeder Unternehmensstrategie. MK MEDPSYCHOLOGY bietet praktische Ans\u00e4tze zur Verbesserung der infrastrukturellen Vernetzung von Unternehmen, was letztlich zu einer Erweiterung der Kapazit\u00e4ten, Selbstverwirklichung, einer globalen Markenaufwertung und sichtbaren Wertsch\u00f6pfung f\u00fchrt.<\/p>\n\t\t\t\t\t<\/div>\n\t\t\t\t\t\t<\/div>\n\t\t\t\t<\/div>\n\t\t<div class=\"elementor-element elementor-element-f396a3a e-con-full e-flex e-con e-child\" data-id=\"f396a3a\" data-element_type=\"container\">\n\t\t<div class=\"elementor-element elementor-element-d2723cf e-con-full e-flex e-con e-child\" data-id=\"d2723cf\" data-element_type=\"container\">\n\t\t\t\t<div class=\"elementor-element elementor-element-684c75c elementor-widget__width-auto elementor-widget elementor-widget-wd_text_block\" data-id=\"684c75c\" data-element_type=\"widget\" data-widget_type=\"wd_text_block.default\">\n\t\t\t\t<div class=\"elementor-widget-container\">\n\t\t\t\t\t\t\t<div class=\"wd-text-block reset-last-child text-left\">\n\t\t\t\n\t\t\t<p>Direktor und Gr\u00fcnder von <br \/>MK MEDPSYCHOLOGY<br \/>Victoria Metteyya Kanina.<\/p>\n\t\t\t\t\t<\/div>\n\t\t\t\t\t\t<\/div>\n\t\t\t\t<\/div>\n\t\t\t\t<\/div>\n\t\t<div class=\"elementor-element elementor-element-2b2feb5 e-con-full e-flex e-con e-child\" data-id=\"2b2feb5\" data-element_type=\"container\">\n\t\t\t\t<div class=\"elementor-element elementor-element-5bea87a elementor-widget elementor-widget-wd_image_or_svg\" data-id=\"5bea87a\" data-element_type=\"widget\" data-widget_type=\"wd_image_or_svg.default\">\n\t\t\t\t<div class=\"elementor-widget-container\">\n\t\t\t\t\t\n\t\t<div class=\"wd-image text-left\">\n\t\t\t\t\t\t\t\t<img decoding=\"async\" width=\"150\" height=\"150\" src=\"https:\/\/mk-medpsychology.hr\/wp-content\/uploads\/2024\/11\/author-ensomedic-150x150.jpg\" class=\"attachment-thumbnail size-thumbnail\" alt=\"author ensomedic\" srcset=\"https:\/\/mk-medpsychology.hr\/wp-content\/uploads\/2024\/11\/author-ensomedic-150x150.jpg 150w, https:\/\/mk-medpsychology.hr\/wp-content\/uploads\/2024\/11\/author-ensomedic-300x300.jpg 300w, https:\/\/mk-medpsychology.hr\/wp-content\/uploads\/2024\/11\/author-ensomedic.jpg 600w\" sizes=\"(max-width: 150px) 100vw, 150px\" \/>\t\t\t\t\t<\/div>\n\n\t\t\t\t\t\t<\/div>\n\t\t\t\t<\/div>\n\t\t\t\t<\/div>\n\t\t\t\t<\/div>\n\t\t\t\t\t<\/div>\n\t\t\t\t<\/div>\n\t\t<div class=\"elementor-element elementor-element-cb71b08 e-flex e-con-boxed e-con e-parent\" data-id=\"cb71b08\" data-element_type=\"container\">\n\t\t\t\t\t<div class=\"e-con-inner\">\n\t\t\t\t<div class=\"elementor-element elementor-element-0abeacc elementor-invisible elementor-widget elementor-widget-heading\" data-id=\"0abeacc\" data-element_type=\"widget\" data-settings=\"{&quot;_animation&quot;:&quot;fadeIn&quot;}\" data-widget_type=\"heading.default\">\n\t\t\t\t<div class=\"elementor-widget-container\">\n\t\t\t\t\t<h1 class=\"elementor-heading-title elementor-size-default\">\u00dcber mich<\/h1>\t\t\t\t<\/div>\n\t\t\t\t<\/div>\n\t\t\t\t<div class=\"elementor-element elementor-element-85c9ca8 elementor-widget elementor-widget-wd_text_block\" data-id=\"85c9ca8\" data-element_type=\"widget\" data-widget_type=\"wd_text_block.default\">\n\t\t\t\t<div class=\"elementor-widget-container\">\n\t\t\t\t\t\t\t<div class=\"wd-text-block reset-last-child text-left\">\n\t\t\t\n\t\t\t<p><strong>Angetrieben von meinem Interesse an Psychologie und klinischer Medizin habe ich 15 Jahre lang durch Schulungen in den erforderlichen Disziplinen spezialisierte berufliche Qualifikationen erworben, die als Qualit\u00e4tsmerkmale dienen.<\/strong><\/p><p><span style=\"text-decoration: underline;\">MEINE AUSBILDUNG UND QUALIFIKATIONEN:<\/span><\/p><p><strong>HOCHSCHULABSCHLUSS DER FAKULT\u00c4T F\u00dcR SOZIALP\u00c4DAGOGIK.<\/strong><br \/>Qualifikation: \u201ePraktischer Psychologe\u201c, Coach, Mentor.<br \/>Spezialisierung: EXECUTIVE MBA<br \/>Langfristige wirtschaftliche F\u00fchrung, institutionelle und pers\u00f6nliche Effektivit\u00e4t.<\/p><p><strong>ABSCHLUSS DER STAATLICHEN HOCHSCHULE F\u00dcR MEDIZIN.<\/strong><br \/>Fachrichtung: PSYCHONEUROIMMUNOENDOKRINOLOGIE<br \/>Qualifikation: \u201eUniversit\u00e4tsspezialist f\u00fcr medizinische (klinische) Psychologie\u201c.<br \/>Abschlussarbeit: Psychoneuroimmunendokrinologie von Stress.<br \/>Patienten mit Erkrankungen des Immun- und Hormonsystems.<\/p><p><strong>ABSCHLUSS DER \u201eINSTITUTION F\u00dcR GERICHTSGUTACHTEN\u201c<\/strong><br \/>Qualifikation: \u201eGerichtspsychologischer Sachverst\u00e4ndiger\u201c.<br \/>Das Diplom berechtigt zur Aus\u00fcbung von T\u00e4tigkeiten im Bereich der Sachverst\u00e4ndigent\u00e4tigkeit und best\u00e4tigt die Qualifikation als: Experte f\u00fcr forensische Psychologie und komplexe kombinierte gerichtspsychiatrisch-psychologische Gutachten.<br \/>Mit Zertifikat der Standardisierung, das die Erf\u00fcllung der Standardanforderungen des professionellen Systems SDS \u201e<strong>EUROP\u00c4ISCHES ZERTIFIKAT F\u00dcR PSYCHOTHERAPEUTEN<\/strong>\u201c und der methodischen Unterst\u00fctzung der gerichtspsychologischen Sachverst\u00e4ndigent\u00e4tigkeit best\u00e4tigt.<\/p><p><strong>ABSCHLUSS DER \u201eFAKULT\u00c4T F\u00dcR BERUFSAUSBILDUNG\u201c<\/strong>, der das Recht verleiht, berufliche T\u00e4tigkeiten im Bereich \u201ePSYCHOLOGIE\u201c auszu\u00fcben, die \u00dcberwachung von Ausbildungsaktivit\u00e4ten zur Spezialisierung als \u201ePsychotherapeut\u201c durchzuf\u00fchren und die Qualifikation als \u201eSupervisor\u201c best\u00e4tigt.<\/p><p><strong>ABSCHLUSS DER \u201eFAKULT\u00c4T F\u00dcR BERUFSAUSBILDUNG\u201c<\/strong>, der das Recht verleiht, berufliche T\u00e4tigkeiten im Bereich \u201eP\u00e4dagogik\u201c auszu\u00fcben, und die Qualifikation als <strong>\u201ePROFESSOR\u201c UND DOZENT F\u00dcR KLINISCHE (MEDIZINISCHE) PSYCHOLOGIE<\/strong> best\u00e4tigt.<\/p><p><strong>Durch langj\u00e4hrige Zusammenarbeit habe ich zahlreiche ausgezeichnete und \u00e4u\u00dferst konkrete kollegiale Beziehungen mit Menschen aus unterschiedlichen gesellschaftlichen Schichten entwickelt, was ich als einen entscheidenden Indikator f\u00fcr meine Kompetenzen betrachte.<\/strong><\/p>\n\t\t\t\t\t<\/div>\n\t\t\t\t\t\t<\/div>\n\t\t\t\t<\/div>\n\t\t\t\t\t<\/div>\n\t\t\t\t<\/div>\n\t\t<div class=\"elementor-element elementor-element-ac57f93 e-flex e-con-boxed e-con e-parent\" data-id=\"ac57f93\" data-element_type=\"container\" data-settings=\"{&quot;background_background&quot;:&quot;classic&quot;}\">\n\t\t\t\t\t<div class=\"e-con-inner\">\n\t\t\t\t<div class=\"elementor-element elementor-element-c0c69e8 elementor-invisible elementor-widget elementor-widget-heading\" data-id=\"c0c69e8\" data-element_type=\"widget\" data-settings=\"{&quot;_animation&quot;:&quot;fadeIn&quot;}\" data-widget_type=\"heading.default\">\n\t\t\t\t<div class=\"elementor-widget-container\">\n\t\t\t\t\t<h1 class=\"elementor-heading-title elementor-size-default\">\u00dcber uns<\/h1>\t\t\t\t<\/div>\n\t\t\t\t<\/div>\n\t\t\t\t\t<\/div>\n\t\t\t\t<\/div>\n\t\t<div class=\"elementor-element elementor-element-2d7a7c2 e-flex e-con-boxed e-con e-parent\" data-id=\"2d7a7c2\" data-element_type=\"container\">\n\t\t\t\t\t<div class=\"e-con-inner\">\n\t\t\t\t<div class=\"elementor-element elementor-element-5d62368 wd-width-100 elementor-widget elementor-widget-wd_title\" data-id=\"5d62368\" data-element_type=\"widget\" data-widget_type=\"wd_title.default\">\n\t\t\t\t<div class=\"elementor-widget-container\">\n\t\t\t\t\t\t\t\t<link rel=\"stylesheet\" id=\"wd-section-title-css\" href=\"https:\/\/mk-medpsychology.hr\/wp-content\/themes\/woodmart\/css\/parts\/el-section-title.min.css?ver=7.5.1\" type=\"text\/css\" media=\"all\" \/> \t\t\t\t\t<div class=\"title-wrapper set-mb-s reset-last-child wd-title-color-default wd-title-style-default wd-title-size-default text-center\">\n\n\t\t\t\n\t\t\t<div class=\"liner-continer\">\n\t\t\t\t<h4 class=\"woodmart-title-container title wd-fontsize-l\">WIR MACHEN DIE DINGE F\u00dcR UNSERE KUNDEN EINFACH.<\/h4> \n\t\t\t\t\t\t\t<\/div>\n\n\t\t\t\t\t<\/div>\n\t\t\t\t\t\t<\/div>\n\t\t\t\t<\/div>\n\t\t\t\t\t<\/div>\n\t\t\t\t<\/div>\n\t\t<div class=\"elementor-element elementor-element-b85eeb7 wd-section-stretch e-flex e-con-boxed e-con e-parent\" data-id=\"b85eeb7\" data-element_type=\"container\">\n\t\t\t\t\t<div class=\"e-con-inner\">\n\t\t<div class=\"elementor-element elementor-element-8decc81 e-con-full e-flex e-con e-child\" data-id=\"8decc81\" data-element_type=\"container\" data-settings=\"{&quot;background_background&quot;:&quot;classic&quot;}\">\n\t\t\t\t<div class=\"elementor-element elementor-element-6b91e74 elementor-invisible elementor-widget elementor-widget-heading\" data-id=\"6b91e74\" data-element_type=\"widget\" data-settings=\"{&quot;_animation&quot;:&quot;fadeIn&quot;}\" data-widget_type=\"heading.default\">\n\t\t\t\t<div class=\"elementor-widget-container\">\n\t\t\t\t\t<h1 class=\"elementor-heading-title elementor-size-default\">Unsere Verhaltensweisen<\/h1>\t\t\t\t<\/div>\n\t\t\t\t<\/div>\n\t\t\t\t<\/div>\n\t\t<div class=\"elementor-element elementor-element-3252da0 e-con-full e-flex e-con e-child\" data-id=\"3252da0\" data-element_type=\"container\">\n\t\t\t\t<div class=\"elementor-element elementor-element-0ea23af elementor-widget elementor-widget-wd_text_block\" data-id=\"0ea23af\" data-element_type=\"widget\" data-widget_type=\"wd_text_block.default\">\n\t\t\t\t<div class=\"elementor-widget-container\">\n\t\t\t\t\t\t\t<div class=\"wd-text-block reset-last-child text-center\">\n\t\t\t\n\t\t\t<p><strong>UNSERE VERHALTENSWEISEN<\/strong><br \/>Unser Verhalten definiert uns, treibt uns an und steht im Mittelpunkt all dessen, was wir tun.<\/p><p><strong>UNTERST\u00dcTZUNG<\/strong><br \/>Der Kern unseres Teams ist es, Unternehmen und Einzelpersonen durch lebenslanges Lernen und neue Erfahrungen zu unterst\u00fctzen und zu st\u00e4rken. Schaffen Sie mit MK Medpsychology Chancen f\u00fcr Wachstum!<\/p><p><strong>KULTUR<\/strong><br \/>Bei MK Medpsychology f\u00f6rdern wir eine Unternehmenskultur, die auf Vertrauen und Respekt basiert! Zusammenarbeit ist unser Gesch\u00e4ft.<\/p><p><strong>WIR MACHEN DIE DINGE F\u00dcR UNSERE KUNDEN EINFACH<\/strong><br \/>MK Medpsychology passt sich vorrangig den individuellen Anforderungen der Kunden an, erf\u00fcllt konsequent seine Versprechen und l\u00f6st Aufgaben durch Zusammenarbeit und Engagement, w\u00e4hrend es kontinuierlich Arbeitsweisen verbessert.<\/p>\n\t\t\t\t\t<\/div>\n\t\t\t\t\t\t<\/div>\n\t\t\t\t<\/div>\n\t\t\t\t<\/div>\n\t\t\t\t\t<\/div>\n\t\t\t\t<\/div>\n\t\t<div class=\"elementor-element elementor-element-13388e0 wd-section-stretch e-flex e-con-boxed e-con e-parent\" data-id=\"13388e0\" data-element_type=\"container\">\n\t\t\t\t\t<div class=\"e-con-inner\">\n\t\t<div class=\"elementor-element elementor-element-ba52369 e-con-full e-flex e-con e-child\" data-id=\"ba52369\" data-element_type=\"container\" data-settings=\"{&quot;background_background&quot;:&quot;classic&quot;}\">\n\t\t\t\t<div class=\"elementor-element elementor-element-01996b5 elementor-invisible elementor-widget elementor-widget-heading\" data-id=\"01996b5\" data-element_type=\"widget\" data-settings=\"{&quot;_animation&quot;:&quot;fadeIn&quot;}\" data-widget_type=\"heading.default\">\n\t\t\t\t<div class=\"elementor-widget-container\">\n\t\t\t\t\t<h1 class=\"elementor-heading-title elementor-size-default\">Vorteile und modernes Umfeld<\/h1>\t\t\t\t<\/div>\n\t\t\t\t<\/div>\n\t\t\t\t<\/div>\n\t\t<div class=\"elementor-element elementor-element-807a807 e-con-full e-flex e-con e-child\" data-id=\"807a807\" data-element_type=\"container\">\n\t\t\t\t<div class=\"elementor-element elementor-element-15c2412 elementor-widget elementor-widget-wd_text_block\" data-id=\"15c2412\" data-element_type=\"widget\" data-widget_type=\"wd_text_block.default\">\n\t\t\t\t<div class=\"elementor-widget-container\">\n\t\t\t\t\t\t\t<div class=\"wd-text-block reset-last-child text-center\">\n\t\t\t\n\t\t\t<p><strong>VORTEILE UND MODERNES ARBEITSUMFELD<\/strong><br>\nWir bieten eine breite Palette attraktiver Vorteile, die auf Ihr Gesch\u00e4ft zugeschnitten sind. Als modernes, globales Unternehmen denken wir st\u00e4ndig \u00fcber einfachere und flexiblere Arbeitsweisen nach, um uns an die Marktanforderungen anzupassen.<\/p>\n\n\t\t\t\t\t<\/div>\n\t\t\t\t\t\t<\/div>\n\t\t\t\t<\/div>\n\t\t\t\t<\/div>\n\t\t\t\t\t<\/div>\n\t\t\t\t<\/div>\n\t\t<div class=\"elementor-element elementor-element-210dafb wd-section-stretch e-flex e-con-boxed e-con e-parent\" data-id=\"210dafb\" data-element_type=\"container\">\n\t\t\t\t\t<div class=\"e-con-inner\">\n\t\t<div class=\"elementor-element elementor-element-501f4ac e-con-full e-flex e-con e-child\" data-id=\"501f4ac\" data-element_type=\"container\" data-settings=\"{&quot;background_background&quot;:&quot;classic&quot;}\">\n\t\t\t\t<div class=\"elementor-element elementor-element-4457226 elementor-invisible elementor-widget elementor-widget-heading\" data-id=\"4457226\" data-element_type=\"widget\" data-settings=\"{&quot;_animation&quot;:&quot;fadeIn&quot;}\" data-widget_type=\"heading.default\">\n\t\t\t\t<div class=\"elementor-widget-container\">\n\t\t\t\t\t<h1 class=\"elementor-heading-title elementor-size-default\">Chancen f\u00fcr Wachstum und Erfolg<\/h1>\t\t\t\t<\/div>\n\t\t\t\t<\/div>\n\t\t\t\t<\/div>\n\t\t<div class=\"elementor-element elementor-element-503afa8 e-con-full e-flex e-con e-child\" data-id=\"503afa8\" data-element_type=\"container\">\n\t\t\t\t<div class=\"elementor-element elementor-element-033e9a2 elementor-widget elementor-widget-wd_text_block\" data-id=\"033e9a2\" data-element_type=\"widget\" data-widget_type=\"wd_text_block.default\">\n\t\t\t\t<div class=\"elementor-widget-container\">\n\t\t\t\t\t\t\t<div class=\"wd-text-block reset-last-child text-center\">\n\t\t\t\n\t\t\t<p><strong>CHANCEN F\u00dcR WACHSTUM UND ERFOLG<\/strong><br \/>Du m\u00f6chtest wachsen \u2013 und MK Medpsychology m\u00f6chte, dass du mit uns w\u00e4chst. Gemeinsam schaffen wir ein f\u00f6rderliches Umfeld, in dem wir uns gegenseitig zum Erfolg verhelfen.<\/p><p><strong>FORTSCHRITTLICHE PERSPEKTIVEN<\/strong><br \/>Wir streben st\u00e4ndig danach, die Besten in unserer Branche zu sein, und arbeiten hart daran, Talente aus allen Lebensbereichen zusammenzubringen. Unsere Vielfalt ist eine unserer gr\u00f6\u00dften St\u00e4rken.<br \/>Durch unser Engagement f\u00fcr die F\u00f6rderung von Gleichberechtigung und Inklusion schaffen wir ein offenes Umfeld und innovative Projekte.<\/p>\n\t\t\t\t\t<\/div>\n\t\t\t\t\t\t<\/div>\n\t\t\t\t<\/div>\n\t\t\t\t<\/div>\n\t\t\t\t\t<\/div>\n\t\t\t\t<\/div>\n\t\t<div class=\"elementor-element elementor-element-5a16560 wd-section-stretch e-flex e-con-boxed e-con e-parent\" data-id=\"5a16560\" data-element_type=\"container\">\n\t\t\t\t\t<div class=\"e-con-inner\">\n\t\t<div class=\"elementor-element elementor-element-b8e2f9e e-con-full e-flex e-con e-child\" data-id=\"b8e2f9e\" data-element_type=\"container\" data-settings=\"{&quot;background_background&quot;:&quot;classic&quot;}\">\n\t\t\t\t<div class=\"elementor-element elementor-element-5f2bc97 elementor-invisible elementor-widget elementor-widget-heading\" data-id=\"5f2bc97\" data-element_type=\"widget\" data-settings=\"{&quot;_animation&quot;:&quot;fadeIn&quot;}\" data-widget_type=\"heading.default\">\n\t\t\t\t<div class=\"elementor-widget-container\">\n\t\t\t\t\t<h1 class=\"elementor-heading-title elementor-size-default\">Ein Ort, an dem Sie wichtig sind<\/h1>\t\t\t\t<\/div>\n\t\t\t\t<\/div>\n\t\t\t\t<div class=\"elementor-element elementor-element-85f9d8c elementor-invisible elementor-widget elementor-widget-heading\" data-id=\"85f9d8c\" data-element_type=\"widget\" data-settings=\"{&quot;_animation&quot;:&quot;fadeIn&quot;}\" data-widget_type=\"heading.default\">\n\t\t\t\t<div class=\"elementor-widget-container\">\n\t\t\t\t\t<h1 class=\"elementor-heading-title elementor-size-default\">Unsere Vorteile<\/h1>\t\t\t\t<\/div>\n\t\t\t\t<\/div>\n\t\t\t\t<\/div>\n\t\t<div class=\"elementor-element elementor-element-edeff66 e-con-full e-flex e-con e-child\" data-id=\"edeff66\" data-element_type=\"container\">\n\t\t\t\t<div class=\"elementor-element elementor-element-934653f elementor-widget elementor-widget-wd_text_block\" data-id=\"934653f\" data-element_type=\"widget\" data-widget_type=\"wd_text_block.default\">\n\t\t\t\t<div class=\"elementor-widget-container\">\n\t\t\t\t\t\t\t<div class=\"wd-text-block reset-last-child text-center\">\n\t\t\t\n\t\t\t<p><strong>WIR ENTWICKELN UNS SELBST<\/strong><br>\nWir sind im Herzen jedes wichtigen Ortes: Als f\u00fchrender Anbieter auf dem Markt f\u00fcr Zugangs- und L\u00f6sungstechnologien bieten wir umfassendes praktisches Expertenwissen und Zugang zu unz\u00e4hligen Wachstumschancen.<\/p>\n\n<p><strong>OFFENE KOMMUNIKATION<\/strong><br>\nDa Ihre Karriere f\u00fcr Sie wichtig ist, ist sie auch f\u00fcr uns wichtig. Wir streben danach, jeden Tag zu wachsen, geben und empfangen konstruktives Feedback und betrachten Fehler als M\u00f6glichkeit, unsere F\u00e4higkeiten zu verbessern.<\/p>\n\n<p><strong>ERFOLGE FEIERN<\/strong><br>\nWir nehmen uns die Zeit, das zu sch\u00e4tzen, was wir erreicht haben.<\/p>\n\n<div dir=\"auto\">Wir sind engagiert in der F\u00f6rderung einer nachhaltigen Entwicklung entlang der gesamten Wertsch\u00f6pfungskette, im Einklang mit unseren gesellschaftlichen Verantwortlichkeiten gegen\u00fcber gegenw\u00e4rtigen und zuk\u00fcnftigen Generationen.<\/div>\n<div dir=\"auto\">Wir bieten transparente Strategien, ganzheitlich autorisierte L\u00f6sungen und ma\u00dfgeschneiderte Programme, die auf klaren Zielen und kontinuierlicher Verbesserung basieren.<\/div>\n<div dir=\"auto\">Angesichts der aktuellen globalen Herausforderungen und der steigenden Nachfrage unserer Kunden, um auf die Bed\u00fcrfnisse und Erwartungen unserer Gesellschaft zu reagieren, haben wir die Entwicklung von Human Resources in den Mittelpunkt unserer Vision gestellt, was unser langfristiges Engagement f\u00fcr eine nachhaltige Gestaltung der Zukunft unterstreicht.<\/div>\n<div dir=\"auto\">Im Rahmen unserer Nachhaltigkeit konzentrieren wir uns darauf, unsere Mitarbeiter zu st\u00e4rken, damit sie ihr berufliches und pers\u00f6nliches Potenzial entfalten k\u00f6nnen.<\/div>\n\n\t\t\t\t\t<\/div>\n\t\t\t\t\t\t<\/div>\n\t\t\t\t<\/div>\n\t\t\t\t<\/div>\n\t\t\t\t\t<\/div>\n\t\t\t\t<\/div>\n\t\t\t\t<\/div>\n\t\t","protected":false},"excerpt":{"rendered":"<p>https:\/\/mk-medpsychology.hr\/wp-content\/uploads\/2024\/12\/Depositphotos_158415938_1080p.mp4 Unternehmenskommentar Eine Reise, bei der Human Resources der wichtigste Faktor ist. Denjenigen, die ihre eigene einzigartige Tonalit\u00e4t in einer<\/p>\n","protected":false},"author":2,"featured_media":0,"parent":0,"menu_order":0,"comment_status":"closed","ping_status":"closed","template":"","meta":{"_seopress_robots_primary_cat":"","_seopress_titles_title":"","_seopress_titles_desc":"","_seopress_robots_index":"","iawp_total_views":2,"footnotes":""},"class_list":["post-22790","page","type-page","status-publish","hentry"],"_links":{"self":[{"href":"https:\/\/mk-medpsychology.hr\/de\/wp-json\/wp\/v2\/pages\/22790","targetHints":{"allow":["GET"]}}],"collection":[{"href":"https:\/\/mk-medpsychology.hr\/de\/wp-json\/wp\/v2\/pages"}],"about":[{"href":"https:\/\/mk-medpsychology.hr\/de\/wp-json\/wp\/v2\/types\/page"}],"author":[{"embeddable":true,"href":"https:\/\/mk-medpsychology.hr\/de\/wp-json\/wp\/v2\/users\/2"}],"replies":[{"embeddable":true,"href":"https:\/\/mk-medpsychology.hr\/de\/wp-json\/wp\/v2\/comments?post=22790"}],"version-history":[{"count":16,"href":"https:\/\/mk-medpsychology.hr\/de\/wp-json\/wp\/v2\/pages\/22790\/revisions"}],"predecessor-version":[{"id":23219,"href":"https:\/\/mk-medpsychology.hr\/de\/wp-json\/wp\/v2\/pages\/22790\/revisions\/23219"}],"wp:attachment":[{"href":"https:\/\/mk-medpsychology.hr\/de\/wp-json\/wp\/v2\/media?parent=22790"}],"curies":[{"name":"wp","href":"https:\/\/api.w.org\/{rel}","templated":true}]}}